{"id":1209,"date":"2024-11-03T03:48:58","date_gmt":"2024-11-03T02:48:58","guid":{"rendered":"https:\/\/senreflex.com\/?page_id=1209"},"modified":"2025-05-06T19:02:37","modified_gmt":"2025-05-06T17:02:37","slug":"creation-de-support-de-communication","status":"publish","type":"page","link":"https:\/\/senreflex.com\/?page_id=1209","title":{"rendered":"Cr\u00e9ation de Support de Communication"},"content":{"rendered":"\t\t<div data-elementor-type=\"wp-page\" data-elementor-id=\"1209\" class=\"elementor elementor-1209\">\n\t\t\t\t<div class=\"elementor-element elementor-element-48846769 e-flex e-con-boxed e-con e-parent\" data-id=\"48846769\" data-element_type=\"container\">\n\t\t\t\t\t<div class=\"e-con-inner\">\n\t\t\t\t<div class=\"elementor-element elementor-element-3275d212 elementor-widget elementor-widget-text-editor\" data-id=\"3275d212\" data-element_type=\"widget\" data-widget_type=\"text-editor.default\">\n\t\t\t\t<div class=\"elementor-widget-container\">\n\t\t\t\t\t\t\t\t\t\n<h1 class=\"wp-block-heading\"><\/h1>\n\n\n\n<p>Nous offrons un service complet pour la cr\u00e9ation de supports de communication adapt\u00e9s \u00e0 vos besoins. Que ce soit pour des brochures, des affiches, des flyers, ou du contenu num\u00e9rique, notre \u00e9quipe de professionnels est l\u00e0 pour vous accompagner dans la conception de supports percutants.<\/p>\n\n\n\n<h2 class=\"wp-block-heading\">Nos Services<\/h2>\n\n\n\n<h3 class=\"wp-block-heading\">1. Conception Graphique<\/h3>\n\n\n\n<ul class=\"wp-block-list\">\n<li>Cr\u00e9ation de visuels attractifs<\/li>\n\n\n\n<li>D\u00e9veloppement de l&rsquo;identit\u00e9 visuelle<\/li>\n<\/ul>\n\n\n\n<h3 class=\"wp-block-heading\">2. R\u00e9daction de Contenu<\/h3>\n\n\n\n<ul class=\"wp-block-list\">\n<li>Textes adapt\u00e9s \u00e0 votre audience<\/li>\n\n\n\n<li>R\u00e9visions illimit\u00e9es jusqu&rsquo;\u00e0 satisfaction<\/li>\n<\/ul>\n\n\n\n<h3 class=\"wp-block-heading\">3. Imprimerie<\/h3>\n\n\n\n<ul class=\"wp-block-list\">\n<li>Impression de haute qualit\u00e9<\/li>\n\n\n\n<li>Options \u00e9cologiques disponibles<\/li>\n<\/ul>\n\n\n\n<h3 class=\"wp-block-heading\">4. Distribution<\/h3>\n\n\n\n<ul class=\"wp-block-list\">\n<li>Conseils sur les meilleures strat\u00e9gies de distribution<\/li>\n\n\n\n<li>Service d\u2019envoi direct \u00e0 vos clients<\/li>\n<\/ul>\n\n\n\n<h2 class=\"wp-block-heading\">Pourquoi Nous Choisir ?<\/h2>\n\n\n\n<ul class=\"wp-block-list\">\n<li><strong>Expertise<\/strong> : Une \u00e9quipe compos\u00e9e de graphistes et r\u00e9dacteurs sp\u00e9cialis\u00e9s.<\/li>\n\n\n\n<li><strong>Personnalisation<\/strong> : Chaque projet est ajust\u00e9 selon vos sp\u00e9cificit\u00e9s.<\/li>\n\n\n\n<li><strong>D\u00e9lais Respect\u00e9s<\/strong> : Engagement sur les d\u00e9lais de livraison.<\/li>\n<\/ul>\n\n\n\n<h2 class=\"wp-block-heading\">Contact<\/h2>\n\n\n\n<p>Pour plus d\u2019informations ou pour un devis personnalis\u00e9, n\u2019h\u00e9sitez pas \u00e0 nous contacter !<\/p>\n\n\n\n<hr class=\"wp-block-separator has-alpha-channel-opacity\"\/>\n\n\n\n<p>Cr\u00e9ez un impact avec des supports de communication qui vous ressemblent.<\/p>\n\t\t\t\t\t\t\t\t<\/div>\n\t\t\t\t<\/div>\n\t\t\t\t\t<\/div>\n\t\t\t\t<\/div>\n\t\t\t\t<\/div>\n\t\t","protected":false},"excerpt":{"rendered":"<p>Nous offrons un service complet pour la cr\u00e9ation de supports de communication adapt\u00e9s \u00e0 vos besoins. Que ce soit pour des brochures, des affiches, des flyers, ou du contenu num\u00e9rique, notre \u00e9quipe de professionnels est l\u00e0 pour vous accompagner dans la conception de supports percutants. Nos Services 1. Conception Graphique 2. R\u00e9daction de Contenu 3. [&hellip;]<\/p>\n","protected":false},"author":1,"featured_media":0,"parent":0,"menu_order":0,"comment_status":"closed","ping_status":"closed","template":"","meta":{"site-sidebar-layout":"default","site-content-layout":"","ast-site-content-layout":"","site-content-style":"default","site-sidebar-style":"default","ast-global-header-display":"","ast-banner-title-visibility":"","ast-main-header-display":"","ast-hfb-above-header-display":"","ast-hfb-below-header-display":"","ast-hfb-mobile-header-display":"","site-post-title":"","ast-breadcrumbs-content":"","ast-featured-img":"","footer-sml-layout":"","theme-transparent-header-meta":"","adv-header-id-meta":"","stick-header-meta":"","header-above-stick-meta":"","header-main-stick-meta":"","header-below-stick-meta":"","astra-migrate-meta-layouts":"default","ast-page-background-enabled":"default","ast-page-background-meta":{"desktop":{"background-color":"var(--ast-global-color-4)","background-image":"","background-repeat":"repeat","background-position":"center center","background-size":"auto","background-attachment":"scroll","background-type":"","background-media":"","overlay-type":"","overlay-color":"","overlay-opacity":"","overlay-gradient":""},"tablet":{"background-color":"","background-image":"","background-repeat":"repeat","background-position":"center center","background-size":"auto","background-attachment":"scroll","background-type":"","background-media":"","overlay-type":"","overlay-color":"","overlay-opacity":"","overlay-gradient":""},"mobile":{"background-color":"","background-image":"","background-repeat":"repeat","background-position":"center center","background-size":"auto","background-attachment":"scroll","background-type":"","background-media":"","overlay-type":"","overlay-color":"","overlay-opacity":"","overlay-gradient":""}},"ast-content-background-meta":{"desktop":{"background-color":"var(--ast-global-color-5)","background-image":"","background-repeat":"repeat","background-position":"center center","background-size":"auto","background-attachment":"scroll","background-type":"","background-media":"","overlay-type":"","overlay-color":"","overlay-opacity":"","overlay-gradient":""},"tablet":{"background-color":"var(--ast-global-color-5)","background-image":"","background-repeat":"repeat","background-position":"center center","background-size":"auto","background-attachment":"scroll","background-type":"","background-media":"","overlay-type":"","overlay-color":"","overlay-opacity":"","overlay-gradient":""},"mobile":{"background-color":"var(--ast-global-color-5)","background-image":"","background-repeat":"repeat","background-position":"center center","background-size":"auto","background-attachment":"scroll","background-type":"","background-media":"","overlay-type":"","overlay-color":"","overlay-opacity":"","overlay-gradient":""}},"footnotes":""},"class_list":["post-1209","page","type-page","status-publish","hentry"],"jetpack_sharing_enabled":true,"_links":{"self":[{"href":"https:\/\/senreflex.com\/index.php?rest_route=\/wp\/v2\/pages\/1209","targetHints":{"allow":["GET"]}}],"collection":[{"href":"https:\/\/senreflex.com\/index.php?rest_route=\/wp\/v2\/pages"}],"about":[{"href":"https:\/\/senreflex.com\/index.php?rest_route=\/wp\/v2\/types\/page"}],"author":[{"embeddable":true,"href":"https:\/\/senreflex.com\/index.php?rest_route=\/wp\/v2\/users\/1"}],"replies":[{"embeddable":true,"href":"https:\/\/senreflex.com\/index.php?rest_route=%2Fwp%2Fv2%2Fcomments&post=1209"}],"version-history":[{"count":8,"href":"https:\/\/senreflex.com\/index.php?rest_route=\/wp\/v2\/pages\/1209\/revisions"}],"predecessor-version":[{"id":1782,"href":"https:\/\/senreflex.com\/index.php?rest_route=\/wp\/v2\/pages\/1209\/revisions\/1782"}],"wp:attachment":[{"href":"https:\/\/senreflex.com\/index.php?rest_route=%2Fwp%2Fv2%2Fmedia&parent=1209"}],"curies":[{"name":"wp","href":"https:\/\/api.w.org\/{rel}","templated":true}]}}