{"id":1898,"date":"2025-05-10T23:20:42","date_gmt":"2025-05-10T21:20:42","guid":{"rendered":"https:\/\/senreflex.com\/?page_id=1898"},"modified":"2025-05-10T23:28:52","modified_gmt":"2025-05-10T21:28:52","slug":"serigraphie","status":"publish","type":"page","link":"https:\/\/senreflex.com\/?page_id=1898","title":{"rendered":"S\u00e9rigraphie"},"content":{"rendered":"\n<div class=\"wp-block-media-text is-stacked-on-mobile\"><figure class=\"wp-block-media-text__media\"><img fetchpriority=\"high\" decoding=\"async\" width=\"1024\" height=\"585\" src=\"https:\/\/senreflex.com\/wp-content\/uploads\/2025\/05\/conception-abstraite-de-papier-peint-floral-bleu-genere-par-ai-1024x585.jpg\" alt=\"\" class=\"wp-image-1899 size-full\" srcset=\"https:\/\/senreflex.com\/wp-content\/uploads\/2025\/05\/conception-abstraite-de-papier-peint-floral-bleu-genere-par-ai-1024x585.jpg 1024w, https:\/\/senreflex.com\/wp-content\/uploads\/2025\/05\/conception-abstraite-de-papier-peint-floral-bleu-genere-par-ai-300x171.jpg 300w, https:\/\/senreflex.com\/wp-content\/uploads\/2025\/05\/conception-abstraite-de-papier-peint-floral-bleu-genere-par-ai-768x439.jpg 768w, https:\/\/senreflex.com\/wp-content\/uploads\/2025\/05\/conception-abstraite-de-papier-peint-floral-bleu-genere-par-ai-1536x878.jpg 1536w, https:\/\/senreflex.com\/wp-content\/uploads\/2025\/05\/conception-abstraite-de-papier-peint-floral-bleu-genere-par-ai-2048x1170.jpg 2048w, https:\/\/senreflex.com\/wp-content\/uploads\/2025\/05\/conception-abstraite-de-papier-peint-floral-bleu-genere-par-ai-100x57.jpg 100w\" sizes=\"(max-width: 1024px) 100vw, 1024px\" \/><\/figure><div class=\"wp-block-media-text__content\">\n<p><\/p>\n\n\n\n<p>\ud83c\udfaf <strong>Transformez vos objets en supports de communication puissants !<\/strong><br>Chez <strong>SenReflex<\/strong>, la s\u00e9rigraphie devient un outil d\u2019impact :<br><strong>T-shirts, polos, casquettes, foulards, tote bags, sachets&#8230;<\/strong> nous personnalisons tout avec style, pr\u00e9cision et durabilit\u00e9.<\/p>\n\n\n\n<p>\ud83d\udc55 \u00c9quipez votre marque avec des visuels percutants<br>\ud83e\udde2 Valorisez vos \u00e9v\u00e9nements, \u00e9quipes ou campagnes<br>\ud83d\udecd\ufe0f Offrez des supports uniques et professionnels \u00e0 vos clients<\/p>\n\n\n\n<p><strong>Flocage ou s\u00e9rigraphie : on imprime votre identit\u00e9.<\/strong><br>\ud83d\udcde Commandez d\u00e8s maintenant sur <a class=\"\" href=\"http:\/\/www.senreflex.com\">www.senreflex.com<\/a> ou contactez-nous pour un devis rapide et personnalis\u00e9 !<\/p>\n\n\n\n<p><\/p>\n<\/div><\/div>\n","protected":false},"excerpt":{"rendered":"<p>\ud83c\udfaf Transformez vos objets en supports de communication puissants !Chez SenReflex, la s\u00e9rigraphie devient un outil d\u2019impact :T-shirts, polos, casquettes, foulards, tote bags, sachets&#8230; nous personnalisons tout avec style, pr\u00e9cision et durabilit\u00e9. \ud83d\udc55 \u00c9quipez votre marque avec des visuels percutants\ud83e\udde2 Valorisez vos \u00e9v\u00e9nements, \u00e9quipes ou campagnes\ud83d\udecd\ufe0f Offrez des supports uniques et professionnels \u00e0 vos clients [&hellip;]<\/p>\n","protected":false},"author":1,"featured_media":0,"parent":0,"menu_order":0,"comment_status":"closed","ping_status":"closed","template":"","meta":{"site-sidebar-layout":"default","site-content-layout":"","ast-site-content-layout":"","site-content-style":"default","site-sidebar-style":"default","ast-global-header-display":"","ast-banner-title-visibility":"","ast-main-header-display":"","ast-hfb-above-header-display":"","ast-hfb-below-header-display":"","ast-hfb-mobile-header-display":"","site-post-title":"","ast-breadcrumbs-content":"","ast-featured-img":"","footer-sml-layout":"","theme-transparent-header-meta":"","adv-header-id-meta":"","stick-header-meta":"","header-above-stick-meta":"","header-main-stick-meta":"","header-below-stick-meta":"","astra-migrate-meta-layouts":"default","ast-page-background-enabled":"default","ast-page-background-meta":{"desktop":{"background-color":"var(--ast-global-color-4)","background-image":"","background-repeat":"repeat","background-position":"center center","background-size":"auto","background-attachment":"scroll","background-type":"","background-media":"","overlay-type":"","overlay-color":"","overlay-opacity":"","overlay-gradient":""},"tablet":{"background-color":"","background-image":"","background-repeat":"repeat","background-position":"center center","background-size":"auto","background-attachment":"scroll","background-type":"","background-media":"","overlay-type":"","overlay-color":"","overlay-opacity":"","overlay-gradient":""},"mobile":{"background-color":"","background-image":"","background-repeat":"repeat","background-position":"center center","background-size":"auto","background-attachment":"scroll","background-type":"","background-media":"","overlay-type":"","overlay-color":"","overlay-opacity":"","overlay-gradient":""}},"ast-content-background-meta":{"desktop":{"background-color":"var(--ast-global-color-5)","background-image":"","background-repeat":"repeat","background-position":"center center","background-size":"auto","background-attachment":"scroll","background-type":"","background-media":"","overlay-type":"","overlay-color":"","overlay-opacity":"","overlay-gradient":""},"tablet":{"background-color":"var(--ast-global-color-5)","background-image":"","background-repeat":"repeat","background-position":"center center","background-size":"auto","background-attachment":"scroll","background-type":"","background-media":"","overlay-type":"","overlay-color":"","overlay-opacity":"","overlay-gradient":""},"mobile":{"background-color":"var(--ast-global-color-5)","background-image":"","background-repeat":"repeat","background-position":"center center","background-size":"auto","background-attachment":"scroll","background-type":"","background-media":"","overlay-type":"","overlay-color":"","overlay-opacity":"","overlay-gradient":""}},"footnotes":""},"class_list":["post-1898","page","type-page","status-publish","hentry"],"jetpack_sharing_enabled":true,"_links":{"self":[{"href":"https:\/\/senreflex.com\/index.php?rest_route=\/wp\/v2\/pages\/1898","targetHints":{"allow":["GET"]}}],"collection":[{"href":"https:\/\/senreflex.com\/index.php?rest_route=\/wp\/v2\/pages"}],"about":[{"href":"https:\/\/senreflex.com\/index.php?rest_route=\/wp\/v2\/types\/page"}],"author":[{"embeddable":true,"href":"https:\/\/senreflex.com\/index.php?rest_route=\/wp\/v2\/users\/1"}],"replies":[{"embeddable":true,"href":"https:\/\/senreflex.com\/index.php?rest_route=%2Fwp%2Fv2%2Fcomments&post=1898"}],"version-history":[{"count":3,"href":"https:\/\/senreflex.com\/index.php?rest_route=\/wp\/v2\/pages\/1898\/revisions"}],"predecessor-version":[{"id":1904,"href":"https:\/\/senreflex.com\/index.php?rest_route=\/wp\/v2\/pages\/1898\/revisions\/1904"}],"wp:attachment":[{"href":"https:\/\/senreflex.com\/index.php?rest_route=%2Fwp%2Fv2%2Fmedia&parent=1898"}],"curies":[{"name":"wp","href":"https:\/\/api.w.org\/{rel}","templated":true}]}}