{"id":1911,"date":"2025-05-11T00:13:02","date_gmt":"2025-05-10T22:13:02","guid":{"rendered":"https:\/\/senreflex.com\/?page_id=1911"},"modified":"2025-05-11T00:13:02","modified_gmt":"2025-05-10T22:13:02","slug":"faconnage","status":"publish","type":"page","link":"https:\/\/senreflex.com\/?page_id=1911","title":{"rendered":"Fa\u00e7onnage"},"content":{"rendered":"\n<div class=\"wp-block-media-text is-stacked-on-mobile\"><figure class=\"wp-block-media-text__media\"><img fetchpriority=\"high\" decoding=\"async\" width=\"1024\" height=\"574\" src=\"https:\/\/senreflex.com\/wp-content\/uploads\/2025\/05\/createur-de-contenu-parental-1024x574.jpg\" alt=\"\" class=\"wp-image-1912 size-full\" srcset=\"https:\/\/senreflex.com\/wp-content\/uploads\/2025\/05\/createur-de-contenu-parental-1024x574.jpg 1024w, https:\/\/senreflex.com\/wp-content\/uploads\/2025\/05\/createur-de-contenu-parental-300x168.jpg 300w, https:\/\/senreflex.com\/wp-content\/uploads\/2025\/05\/createur-de-contenu-parental-768x430.jpg 768w, https:\/\/senreflex.com\/wp-content\/uploads\/2025\/05\/createur-de-contenu-parental-1536x861.jpg 1536w, https:\/\/senreflex.com\/wp-content\/uploads\/2025\/05\/createur-de-contenu-parental-2048x1148.jpg 2048w, https:\/\/senreflex.com\/wp-content\/uploads\/2025\/05\/createur-de-contenu-parental-100x56.jpg 100w\" sizes=\"(max-width: 1024px) 100vw, 1024px\" \/><\/figure><div class=\"wp-block-media-text__content\">\n<p><p data-start=\"0\" data-end=\"81\" class=\"\"><strong data-start=\"0\" data-end=\"79\">\ud83c\udfaf Sublimez vos supports gr\u00e2ce \u00e0 notre service de fa\u00e7onnage professionnel !<\/strong>Chez <strong data-start=\"88\" data-end=\"101\">SenReflex<\/strong>, le fa\u00e7onnage transforme l\u2019ordinaire en extraordinaire :<\/p><ul data-start=\"161\" data-end=\"479\"><li data-start=\"161\" data-end=\"234\" class=\"\"> \u2702\ufe0f <strong data-start=\"166\" data-end=\"192\">D\u00e9coupe et pelliculage<\/strong> pour des finitions soign\u00e9es et durables  \ud83d\udcda <strong data-start=\"240\" data-end=\"285\">Reliure Wire-O, spirale &amp; piq\u00fbre \u00e0 cheval<\/strong> pour des brochures et catalogues \u00e9l\u00e9gants  \ud83d\udd0d <strong data-start=\"335\" data-end=\"356\">Rainage et pliage<\/strong> pour un rendu net et pr\u00e9cis  \ud83c\udfa8 <strong data-start=\"392\" data-end=\"428\">Vernis s\u00e9lectif &amp; dorure \u00e0 chaud<\/strong> pour un effet premium qui capte tous les regards <\/li><\/ul><p data-start=\"481\" data-end=\"567\" class=\"\">\ud83d\ude80 <strong data-start=\"484\" data-end=\"506\">Qualit\u00e9 artisanale<\/strong> \u2022 \u23f1\ufe0f <strong data-start=\"512\" data-end=\"532\">D\u00e9lais ma\u00eetris\u00e9s<\/strong> \u2022 \ud83d\udd8c\ufe0f <strong data-start=\"539\" data-end=\"565\">D\u00e9tails irr\u00e9prochablesDonnez une touche finale qui fera la diff\u00e9rence !<\/strong> \ud83d\udc49 Demandez votre devis gratuit sur <strong data-start=\"661\" data-end=\"682\"><a data-start=\"663\" data-end=\"680\" class=\"\" href=\"http:\/\/www.senreflex.com\" target=\"_new\" rel=\"noopener\">www.senreflex.com<\/a><\/strong> ou contactez-nous pour un accompagnement sur-mesure.<\/p>     <\/p>\n<\/div><\/div>\n","protected":false},"excerpt":{"rendered":"<p>\ud83c\udfaf Sublimez vos supports gr\u00e2ce \u00e0 notre service de fa\u00e7onnage professionnel !Chez SenReflex, le fa\u00e7onnage transforme l\u2019ordinaire en extraordinaire : \u2702\ufe0f D\u00e9coupe et pelliculage pour des finitions soign\u00e9es et durables \ud83d\udcda Reliure Wire-O, spirale &amp; piq\u00fbre \u00e0 cheval pour des brochures et catalogues \u00e9l\u00e9gants \ud83d\udd0d Rainage et pliage pour un rendu net et pr\u00e9cis \ud83c\udfa8 [&hellip;]<\/p>\n","protected":false},"author":1,"featured_media":0,"parent":0,"menu_order":0,"comment_status":"closed","ping_status":"closed","template":"","meta":{"site-sidebar-layout":"default","site-content-layout":"","ast-site-content-layout":"","site-content-style":"default","site-sidebar-style":"default","ast-global-header-display":"","ast-banner-title-visibility":"","ast-main-header-display":"","ast-hfb-above-header-display":"","ast-hfb-below-header-display":"","ast-hfb-mobile-header-display":"","site-post-title":"","ast-breadcrumbs-content":"","ast-featured-img":"","footer-sml-layout":"","theme-transparent-header-meta":"","adv-header-id-meta":"","stick-header-meta":"","header-above-stick-meta":"","header-main-stick-meta":"","header-below-stick-meta":"","astra-migrate-meta-layouts":"default","ast-page-background-enabled":"default","ast-page-background-meta":{"desktop":{"background-color":"var(--ast-global-color-4)","background-image":"","background-repeat":"repeat","background-position":"center center","background-size":"auto","background-attachment":"scroll","background-type":"","background-media":"","overlay-type":"","overlay-color":"","overlay-opacity":"","overlay-gradient":""},"tablet":{"background-color":"","background-image":"","background-repeat":"repeat","background-position":"center center","background-size":"auto","background-attachment":"scroll","background-type":"","background-media":"","overlay-type":"","overlay-color":"","overlay-opacity":"","overlay-gradient":""},"mobile":{"background-color":"","background-image":"","background-repeat":"repeat","background-position":"center center","background-size":"auto","background-attachment":"scroll","background-type":"","background-media":"","overlay-type":"","overlay-color":"","overlay-opacity":"","overlay-gradient":""}},"ast-content-background-meta":{"desktop":{"background-color":"var(--ast-global-color-5)","background-image":"","background-repeat":"repeat","background-position":"center center","background-size":"auto","background-attachment":"scroll","background-type":"","background-media":"","overlay-type":"","overlay-color":"","overlay-opacity":"","overlay-gradient":""},"tablet":{"background-color":"var(--ast-global-color-5)","background-image":"","background-repeat":"repeat","background-position":"center center","background-size":"auto","background-attachment":"scroll","background-type":"","background-media":"","overlay-type":"","overlay-color":"","overlay-opacity":"","overlay-gradient":""},"mobile":{"background-color":"var(--ast-global-color-5)","background-image":"","background-repeat":"repeat","background-position":"center center","background-size":"auto","background-attachment":"scroll","background-type":"","background-media":"","overlay-type":"","overlay-color":"","overlay-opacity":"","overlay-gradient":""}},"footnotes":""},"class_list":["post-1911","page","type-page","status-publish","hentry"],"jetpack_sharing_enabled":true,"_links":{"self":[{"href":"https:\/\/senreflex.com\/index.php?rest_route=\/wp\/v2\/pages\/1911","targetHints":{"allow":["GET"]}}],"collection":[{"href":"https:\/\/senreflex.com\/index.php?rest_route=\/wp\/v2\/pages"}],"about":[{"href":"https:\/\/senreflex.com\/index.php?rest_route=\/wp\/v2\/types\/page"}],"author":[{"embeddable":true,"href":"https:\/\/senreflex.com\/index.php?rest_route=\/wp\/v2\/users\/1"}],"replies":[{"embeddable":true,"href":"https:\/\/senreflex.com\/index.php?rest_route=%2Fwp%2Fv2%2Fcomments&post=1911"}],"version-history":[{"count":1,"href":"https:\/\/senreflex.com\/index.php?rest_route=\/wp\/v2\/pages\/1911\/revisions"}],"predecessor-version":[{"id":1913,"href":"https:\/\/senreflex.com\/index.php?rest_route=\/wp\/v2\/pages\/1911\/revisions\/1913"}],"wp:attachment":[{"href":"https:\/\/senreflex.com\/index.php?rest_route=%2Fwp%2Fv2%2Fmedia&parent=1911"}],"curies":[{"name":"wp","href":"https:\/\/api.w.org\/{rel}","templated":true}]}}