{"id":1940,"date":"2025-05-11T21:57:30","date_gmt":"2025-05-11T19:57:30","guid":{"rendered":"https:\/\/senreflex.com\/?page_id=1940"},"modified":"2025-05-11T21:57:30","modified_gmt":"2025-05-11T19:57:30","slug":"deploiement-maj","status":"publish","type":"page","link":"https:\/\/senreflex.com\/?page_id=1940","title":{"rendered":"D\u00e9ploiement &#038; Maj"},"content":{"rendered":"\n<div class=\"wp-block-media-text is-stacked-on-mobile\"><figure class=\"wp-block-media-text__media\"><img fetchpriority=\"high\" decoding=\"async\" width=\"1024\" height=\"683\" src=\"https:\/\/senreflex.com\/wp-content\/uploads\/2025\/05\/man-making-plans-renovate-house-using-color-palette-laptop-1024x683.jpg\" alt=\"\" class=\"wp-image-1941 size-full\" srcset=\"https:\/\/senreflex.com\/wp-content\/uploads\/2025\/05\/man-making-plans-renovate-house-using-color-palette-laptop-1024x683.jpg 1024w, https:\/\/senreflex.com\/wp-content\/uploads\/2025\/05\/man-making-plans-renovate-house-using-color-palette-laptop-300x200.jpg 300w, https:\/\/senreflex.com\/wp-content\/uploads\/2025\/05\/man-making-plans-renovate-house-using-color-palette-laptop-768x512.jpg 768w, https:\/\/senreflex.com\/wp-content\/uploads\/2025\/05\/man-making-plans-renovate-house-using-color-palette-laptop-1536x1024.jpg 1536w, https:\/\/senreflex.com\/wp-content\/uploads\/2025\/05\/man-making-plans-renovate-house-using-color-palette-laptop-2048x1365.jpg 2048w, https:\/\/senreflex.com\/wp-content\/uploads\/2025\/05\/man-making-plans-renovate-house-using-color-palette-laptop-100x67.jpg 100w\" sizes=\"(max-width: 1024px) 100vw, 1024px\" \/><\/figure><div class=\"wp-block-media-text__content\">\n<p><strong>\ud83d\ude80 Assurez-vous d\u2019un lancement sans accroc et d\u2019une plateforme toujours \u00e0 jour !<\/strong><\/p>\n\n\n\n<p>Chez <strong>SenReflex<\/strong>, nous g\u00e9rons le <strong>d\u00e9ploiement<\/strong> et les <strong>mises \u00e0 jour<\/strong> de vos applications et sites web pour garantir performance et s\u00e9curit\u00e9 :<\/p>\n\n\n\n<ul class=\"wp-block-list\">\n<li>\u2699\ufe0f <strong>D\u00e9ploiement automatis\u00e9<\/strong> (CI\/CD) pour un passage en production rapide et sans erreur<\/li>\n\n\n\n<li>\ud83d\udd04 <strong>Mises \u00e0 jour continues<\/strong> : correctifs, nouvelles fonctionnalit\u00e9s et optimisations sans interruption<\/li>\n\n\n\n<li>\ud83d\udee1\ufe0f <strong>Gestion des versions &amp; rollback<\/strong> pour revenir instantan\u00e9ment \u00e0 une version stable en cas de besoin<\/li>\n\n\n\n<li>\ud83d\udcca <strong>Surveillance &amp; alerting 24\/7<\/strong> pour d\u00e9tecter et r\u00e9soudre les probl\u00e8mes avant qu\u2019ils n\u2019impactent vos utilisateurs<\/li>\n<\/ul>\n\n\n\n<p>\u2705 <strong>Disponibilit\u00e9 maximale<\/strong> \u2022 \u2705 <strong>S\u00e9curit\u00e9 renforc\u00e9e<\/strong> \u2022 \u2705 <strong>\u00c9volutivit\u00e9 garantie<\/strong><\/p>\n\n\n\n<p><strong>Ne laissez rien au hasard : offrez \u00e0 vos projets un d\u00e9ploiement ma\u00eetris\u00e9 et des mises \u00e0 jour fluides !<\/strong><br>\ud83d\udc49 Demandez votre audit gratuit sur <strong><a class=\"\" href=\"http:\/\/www.senreflex.com\">www.senreflex.com<\/a><\/strong> ou contactez-nous pour un plan de d\u00e9ploiement et de maintenance sur-mesure.<\/p>\n<\/div><\/div>\n","protected":false},"excerpt":{"rendered":"","protected":false},"author":1,"featured_media":0,"parent":0,"menu_order":0,"comment_status":"closed","ping_status":"closed","template":"","meta":{"site-sidebar-layout":"default","site-content-layout":"","ast-site-content-layout":"","site-content-style":"default","site-sidebar-style":"default","ast-global-header-display":"","ast-banner-title-visibility":"","ast-main-header-display":"","ast-hfb-above-header-display":"","ast-hfb-below-header-display":"","ast-hfb-mobile-header-display":"","site-post-title":"","ast-breadcrumbs-content":"","ast-featured-img":"","footer-sml-layout":"","theme-transparent-header-meta":"","adv-header-id-meta":"","stick-header-meta":"","header-above-stick-meta":"","header-main-stick-meta":"","header-below-stick-meta":"","astra-migrate-meta-layouts":"default","ast-page-background-enabled":"default","ast-page-background-meta":{"desktop":{"background-color":"var(--ast-global-color-4)","background-image":"","background-repeat":"repeat","background-position":"center center","background-size":"auto","background-attachment":"scroll","background-type":"","background-media":"","overlay-type":"","overlay-color":"","overlay-opacity":"","overlay-gradient":""},"tablet":{"background-color":"","background-image":"","background-repeat":"repeat","background-position":"center center","background-size":"auto","background-attachment":"scroll","background-type":"","background-media":"","overlay-type":"","overlay-color":"","overlay-opacity":"","overlay-gradient":""},"mobile":{"background-color":"","background-image":"","background-repeat":"repeat","background-position":"center center","background-size":"auto","background-attachment":"scroll","background-type":"","background-media":"","overlay-type":"","overlay-color":"","overlay-opacity":"","overlay-gradient":""}},"ast-content-background-meta":{"desktop":{"background-color":"var(--ast-global-color-5)","background-image":"","background-repeat":"repeat","background-position":"center center","background-size":"auto","background-attachment":"scroll","background-type":"","background-media":"","overlay-type":"","overlay-color":"","overlay-opacity":"","overlay-gradient":""},"tablet":{"background-color":"var(--ast-global-color-5)","background-image":"","background-repeat":"repeat","background-position":"center center","background-size":"auto","background-attachment":"scroll","background-type":"","background-media":"","overlay-type":"","overlay-color":"","overlay-opacity":"","overlay-gradient":""},"mobile":{"background-color":"var(--ast-global-color-5)","background-image":"","background-repeat":"repeat","background-position":"center center","background-size":"auto","background-attachment":"scroll","background-type":"","background-media":"","overlay-type":"","overlay-color":"","overlay-opacity":"","overlay-gradient":""}},"footnotes":""},"class_list":["post-1940","page","type-page","status-publish","hentry"],"jetpack_sharing_enabled":true,"_links":{"self":[{"href":"https:\/\/senreflex.com\/index.php?rest_route=\/wp\/v2\/pages\/1940","targetHints":{"allow":["GET"]}}],"collection":[{"href":"https:\/\/senreflex.com\/index.php?rest_route=\/wp\/v2\/pages"}],"about":[{"href":"https:\/\/senreflex.com\/index.php?rest_route=\/wp\/v2\/types\/page"}],"author":[{"embeddable":true,"href":"https:\/\/senreflex.com\/index.php?rest_route=\/wp\/v2\/users\/1"}],"replies":[{"embeddable":true,"href":"https:\/\/senreflex.com\/index.php?rest_route=%2Fwp%2Fv2%2Fcomments&post=1940"}],"version-history":[{"count":1,"href":"https:\/\/senreflex.com\/index.php?rest_route=\/wp\/v2\/pages\/1940\/revisions"}],"predecessor-version":[{"id":1942,"href":"https:\/\/senreflex.com\/index.php?rest_route=\/wp\/v2\/pages\/1940\/revisions\/1942"}],"wp:attachment":[{"href":"https:\/\/senreflex.com\/index.php?rest_route=%2Fwp%2Fv2%2Fmedia&parent=1940"}],"curies":[{"name":"wp","href":"https:\/\/api.w.org\/{rel}","templated":true}]}}