{"id":41,"date":"2023-12-14T20:51:43","date_gmt":"2023-12-14T19:51:43","guid":{"rendered":"https:\/\/senreflex.com\/?page_id=41"},"modified":"2025-05-06T18:35:26","modified_gmt":"2025-05-06T16:35:26","slug":"accueil","status":"publish","type":"page","link":"https:\/\/senreflex.com\/?page_id=41","title":{"rendered":"Accueil"},"content":{"rendered":"\t\t<div data-elementor-type=\"wp-page\" data-elementor-id=\"41\" class=\"elementor elementor-41\">\n\t\t\t\t<div class=\"elementor-element elementor-element-b34c6b4 e-flex e-con-boxed e-con e-parent\" data-id=\"b34c6b4\" data-element_type=\"container\">\n\t\t\t\t\t<div class=\"e-con-inner\">\n\t\t\t\t\t<\/div>\n\t\t\t\t<\/div>\n\t\t<div class=\"elementor-element elementor-element-22ef286 e-con-full e-flex e-con e-parent\" data-id=\"22ef286\" data-element_type=\"container\" data-settings=\"{&quot;background_background&quot;:&quot;classic&quot;}\">\n\t\t\t\t<div class=\"elementor-element elementor-element-fbd83d7 elementor-widget elementor-widget-text-editor\" data-id=\"fbd83d7\" data-element_type=\"widget\" data-widget_type=\"text-editor.default\">\n\t\t\t\t<div class=\"elementor-widget-container\">\n\t\t\t\t\t\t\t\t\t<p>Senreflex, votre passerelle vers l&rsquo;excellence visuelle et mat\u00e9rielle. Nous allions l&rsquo;art du graphisme \u00e0 l&rsquo;approvisionnement de qualit\u00e9, fa\u00e7onnant une exp\u00e9rience unique\u00a0 pour donner vie \u00e0 votre vision. Explorez la cr\u00e9ativit\u00e9 sans limites avec nos services graphiques exceptionnels et \u00e9quipez-vous des meilleurs outils gr\u00e2ce \u00e0 notre s\u00e9lection minutieuse de fournitures. Senreflex o\u00f9 l&rsquo;innovation rencontre l&rsquo;esth\u00e9tique, pour donner \u00e0 votre entreprise une identit\u00e9 visuelle inoubliable et les outils n\u00e9cessaires \u00e0 son succ\u00e8s.<\/p>\t\t\t\t\t\t\t\t<\/div>\n\t\t\t\t<\/div>\n\t\t\t\t<\/div>\n\t\t<div class=\"elementor-element elementor-element-b129890 e-con-full e-flex e-con e-parent\" data-id=\"b129890\" data-element_type=\"container\">\n\t\t<div class=\"elementor-element elementor-element-2b5a46d e-con-full e-flex e-con e-child\" data-id=\"2b5a46d\" data-element_type=\"container\">\n\t\t\t\t<div class=\"elementor-element elementor-element-3014897 elementor-widget elementor-widget-heading\" data-id=\"3014897\" data-element_type=\"widget\" data-widget_type=\"heading.default\">\n\t\t\t\t<div class=\"elementor-widget-container\">\n\t\t\t\t\t<h2 class=\"elementor-heading-title elementor-size-default\">Services de graphismes<\/h2>\t\t\t\t<\/div>\n\t\t\t\t<\/div>\n\t\t\t\t<div class=\"elementor-element elementor-element-676aff6 elementor-drop-cap-yes elementor-drop-cap-view-default elementor-widget elementor-widget-text-editor\" data-id=\"676aff6\" data-element_type=\"widget\" data-settings=\"{&quot;drop_cap&quot;:&quot;yes&quot;}\" data-widget_type=\"text-editor.default\">\n\t\t\t\t<div class=\"elementor-widget-container\">\n\t\t\t\t\t\t\t\t\t<p>Chez Senreflex, notre \u00e9quipe de graphistes talentueux\u00a0 transforme vos id\u00e9es visuels captivants. Que vous ayez besoin d&rsquo;un logo percutant, de supports marketing cr\u00e9atifs ou de designs innovants pour votre site web, nous fusionnons l&rsquo;art et la strat\u00e9gie\u00a0 pour cr\u00e9er une identit\u00e9 visuelle unique. chaque pixel est pens\u00e9 pour refl\u00e9ter l&rsquo;essence de votre entreprise, captiver votre audience et renforcer votre positionnement sur le march\u00e9. Faites de votre premi\u00e8re impression une exp\u00e9rience m\u00e9morable avec nos services de graphismes exceptionnels<\/p>\t\t\t\t\t\t\t\t<\/div>\n\t\t\t\t<\/div>\n\t\t\t\t<\/div>\n\t\t<div class=\"elementor-element elementor-element-11a3c94 e-flex e-con-boxed e-con e-child\" data-id=\"11a3c94\" data-element_type=\"container\">\n\t\t\t\t\t<div class=\"e-con-inner\">\n\t\t\t\t<div class=\"elementor-element elementor-element-f0a54da elementor-widget__width-initial elementor-widget elementor-widget-image\" data-id=\"f0a54da\" data-element_type=\"widget\" data-widget_type=\"image.default\">\n\t\t\t\t<div class=\"elementor-widget-container\">\n\t\t\t\t\t\t\t\t\t\t\t\t\t\t\t<img fetchpriority=\"high\" decoding=\"async\" width=\"724\" height=\"1024\" src=\"https:\/\/senreflex.com\/wp-content\/uploads\/2024\/10\/mugs-724x1024.jpeg\" class=\"attachment-large size-large wp-image-1091\" alt=\"\" srcset=\"https:\/\/senreflex.com\/wp-content\/uploads\/2024\/10\/mugs-724x1024.jpeg 724w, https:\/\/senreflex.com\/wp-content\/uploads\/2024\/10\/mugs-100x141.jpeg 100w, https:\/\/senreflex.com\/wp-content\/uploads\/2024\/10\/mugs-212x300.jpeg 212w, https:\/\/senreflex.com\/wp-content\/uploads\/2024\/10\/mugs-768x1086.jpeg 768w, https:\/\/senreflex.com\/wp-content\/uploads\/2024\/10\/mugs-1086x1536.jpeg 1086w, https:\/\/senreflex.com\/wp-content\/uploads\/2024\/10\/mugs.jpeg 1131w\" sizes=\"(max-width: 724px) 100vw, 724px\" \/>\t\t\t\t\t\t\t\t\t\t\t\t\t\t\t<\/div>\n\t\t\t\t<\/div>\n\t\t\t\t\t<\/div>\n\t\t\t\t<\/div>\n\t\t\t\t<\/div>\n\t\t<div class=\"elementor-element elementor-element-5509879 e-flex e-con-boxed e-con e-parent\" data-id=\"5509879\" data-element_type=\"container\">\n\t\t\t\t\t<div class=\"e-con-inner\">\n\t\t\t\t\t<\/div>\n\t\t\t\t<\/div>\n\t\t\t\t<\/div>\n\t\t","protected":false},"excerpt":{"rendered":"<p>Senreflex, votre passerelle vers l&rsquo;excellence visuelle et mat\u00e9rielle. Nous allions l&rsquo;art du graphisme \u00e0 l&rsquo;approvisionnement de qualit\u00e9, fa\u00e7onnant une exp\u00e9rience unique\u00a0 pour donner vie \u00e0 votre vision. Explorez la cr\u00e9ativit\u00e9 sans limites avec nos services graphiques exceptionnels et \u00e9quipez-vous des meilleurs outils gr\u00e2ce \u00e0 notre s\u00e9lection minutieuse de fournitures. Senreflex o\u00f9 l&rsquo;innovation rencontre l&rsquo;esth\u00e9tique, pour [&hellip;]<\/p>\n","protected":false},"author":1,"featured_media":0,"parent":0,"menu_order":0,"comment_status":"closed","ping_status":"closed","template":"elementor_theme","meta":{"site-sidebar-layout":"no-sidebar","site-content-layout":"","ast-site-content-layout":"full-width-container","site-content-style":"default","site-sidebar-style":"default","ast-global-header-display":"","ast-banner-title-visibility":"","ast-main-header-display":"","ast-hfb-above-header-display":"","ast-hfb-below-header-display":"","ast-hfb-mobile-header-display":"","site-post-title":"disabled","ast-breadcrumbs-content":"","ast-featured-img":"disabled","footer-sml-layout":"","theme-transparent-header-meta":"","adv-header-id-meta":"","stick-header-meta":"","header-above-stick-meta":"","header-main-stick-meta":"","header-below-stick-meta":"","astra-migrate-meta-layouts":"default","ast-page-background-enabled":"default","ast-page-background-meta":{"desktop":{"background-color":"var(--ast-global-color-4)","background-image":"","background-repeat":"repeat","background-position":"center center","background-size":"auto","background-attachment":"scroll","background-type":"","background-media":"","overlay-type":"","overlay-color":"","overlay-opacity":"","overlay-gradient":""},"tablet":{"background-color":"","background-image":"","background-repeat":"repeat","background-position":"center center","background-size":"auto","background-attachment":"scroll","background-type":"","background-media":"","overlay-type":"","overlay-color":"","overlay-opacity":"","overlay-gradient":""},"mobile":{"background-color":"","background-image":"","background-repeat":"repeat","background-position":"center center","background-size":"auto","background-attachment":"scroll","background-type":"","background-media":"","overlay-type":"","overlay-color":"","overlay-opacity":"","overlay-gradient":""}},"ast-content-background-meta":{"desktop":{"background-color":"var(--ast-global-color-5)","background-image":"","background-repeat":"repeat","background-position":"center center","background-size":"auto","background-attachment":"scroll","background-type":"","background-media":"","overlay-type":"","overlay-color":"","overlay-opacity":"","overlay-gradient":""},"tablet":{"background-color":"var(--ast-global-color-5)","background-image":"","background-repeat":"repeat","background-position":"center center","background-size":"auto","background-attachment":"scroll","background-type":"","background-media":"","overlay-type":"","overlay-color":"","overlay-opacity":"","overlay-gradient":""},"mobile":{"background-color":"var(--ast-global-color-5)","background-image":"","background-repeat":"repeat","background-position":"center center","background-size":"auto","background-attachment":"scroll","background-type":"","background-media":"","overlay-type":"","overlay-color":"","overlay-opacity":"","overlay-gradient":""}},"footnotes":""},"class_list":["post-41","page","type-page","status-publish","hentry"],"jetpack_sharing_enabled":true,"_links":{"self":[{"href":"https:\/\/senreflex.com\/index.php?rest_route=\/wp\/v2\/pages\/41","targetHints":{"allow":["GET"]}}],"collection":[{"href":"https:\/\/senreflex.com\/index.php?rest_route=\/wp\/v2\/pages"}],"about":[{"href":"https:\/\/senreflex.com\/index.php?rest_route=\/wp\/v2\/types\/page"}],"author":[{"embeddable":true,"href":"https:\/\/senreflex.com\/index.php?rest_route=\/wp\/v2\/users\/1"}],"replies":[{"embeddable":true,"href":"https:\/\/senreflex.com\/index.php?rest_route=%2Fwp%2Fv2%2Fcomments&post=41"}],"version-history":[{"count":114,"href":"https:\/\/senreflex.com\/index.php?rest_route=\/wp\/v2\/pages\/41\/revisions"}],"predecessor-version":[{"id":1998,"href":"https:\/\/senreflex.com\/index.php?rest_route=\/wp\/v2\/pages\/41\/revisions\/1998"}],"wp:attachment":[{"href":"https:\/\/senreflex.com\/index.php?rest_route=%2Fwp%2Fv2%2Fmedia&parent=41"}],"curies":[{"name":"wp","href":"https:\/\/api.w.org\/{rel}","templated":true}]}}