{"id":1380,"date":"2025-05-08T12:55:49","date_gmt":"2025-05-08T10:55:49","guid":{"rendered":"https:\/\/senreflex.com\/?post_type=product&#038;p=1380"},"modified":"2025-05-08T17:46:22","modified_gmt":"2025-05-08T15:46:22","slug":"imprimante-a-jet-dencre-numerique-grand-format-xp600-eco-solvant-de-32-m","status":"publish","type":"product","link":"https:\/\/senreflex.com\/?product=imprimante-a-jet-dencre-numerique-grand-format-xp600-eco-solvant-de-32-m","title":{"rendered":"Imprimante \u00e0 jet d&rsquo;encre num\u00e9rique grand format XP600 Eco Solvant de 3,2 m"},"content":{"rendered":"<p>Imprimante de banni\u00e8res publicitaires \u00e0 double t\u00eate, vitesse d&rsquo;impression, image de sortie claire, prend en charge le syst\u00e8me bilingue chinois et anglais, avec le syst\u00e8me d&rsquo;exploitation WindowsXP\/Win7\/win10, que vous soyez \u00e0 la maison ou que vous utilisiez un environnement d&rsquo;exploitation industriel appropri\u00e9.<\/p>\n<p>Largeur d&rsquo;impression maximale : 3200 mm<br \/>\nHauteur de la t\u00eate d&rsquo;impression : 2-3 mm<br \/>\nNombre de t\u00eates d&rsquo;impression (PC): 2<br \/>\nTaille du colis : 4,42 x 0,74 x 0,76 m (L x l x H).<br \/>\nPoids brut : 500 kg<\/p>\n","protected":false},"excerpt":{"rendered":"<p>Imprimante de banni\u00e8res publicitaires \u00e0 double t\u00eate, vitesse d&rsquo;impression, image de sortie claire, prend en charge le syst\u00e8me bilingue chinois et anglais, avec le syst\u00e8me d&rsquo;exploitation WindowsXP\/Win7\/win10, que vous soyez \u00e0 la maison ou que vous utilisiez un environnement d&rsquo;exploitation industriel appropri\u00e9. Largeur d&rsquo;impression maximale : 3200 mm Hauteur de la t\u00eate d&rsquo;impression : 2-3 [&hellip;]<\/p>\n","protected":false},"featured_media":1835,"comment_status":"open","ping_status":"closed","template":"","meta":{"site-sidebar-layout":"default","site-content-layout":"","ast-site-content-layout":"default","site-content-style":"default","site-sidebar-style":"default","ast-global-header-display":"","ast-banner-title-visibility":"","ast-main-header-display":"","ast-hfb-above-header-display":"","ast-hfb-below-header-display":"","ast-hfb-mobile-header-display":"","site-post-title":"","ast-breadcrumbs-content":"","ast-featured-img":"","footer-sml-layout":"","theme-transparent-header-meta":"default","adv-header-id-meta":"","stick-header-meta":"default","header-above-stick-meta":"","header-main-stick-meta":"","header-below-stick-meta":"","astra-migrate-meta-layouts":"set","ast-page-background-enabled":"default","ast-page-background-meta":{"desktop":{"background-color":"var(--ast-global-color-4)","background-image":"","background-repeat":"repeat","background-position":"center center","background-size":"auto","background-attachment":"scroll","background-type":"","background-media":"","overlay-type":"","overlay-color":"","overlay-opacity":"","overlay-gradient":""},"tablet":{"background-color":"","background-image":"","background-repeat":"repeat","background-position":"center center","background-size":"auto","background-attachment":"scroll","background-type":"","background-media":"","overlay-type":"","overlay-color":"","overlay-opacity":"","overlay-gradient":""},"mobile":{"background-color":"","background-image":"","background-repeat":"repeat","background-position":"center center","background-size":"auto","background-attachment":"scroll","background-type":"","background-media":"","overlay-type":"","overlay-color":"","overlay-opacity":"","overlay-gradient":""}},"ast-content-background-meta":{"desktop":{"background-color":"var(--ast-global-color-5)","background-image":"","background-repeat":"repeat","background-position":"center center","background-size":"auto","background-attachment":"scroll","background-type":"","background-media":"","overlay-type":"","overlay-color":"","overlay-opacity":"","overlay-gradient":""},"tablet":{"background-color":"var(--ast-global-color-5)","background-image":"","background-repeat":"repeat","background-position":"center center","background-size":"auto","background-attachment":"scroll","background-type":"","background-media":"","overlay-type":"","overlay-color":"","overlay-opacity":"","overlay-gradient":""},"mobile":{"background-color":"var(--ast-global-color-5)","background-image":"","background-repeat":"repeat","background-position":"center center","background-size":"auto","background-attachment":"scroll","background-type":"","background-media":"","overlay-type":"","overlay-color":"","overlay-opacity":"","overlay-gradient":""}}},"product_cat":[28],"product_tag":[],"class_list":{"0":"post-1380","1":"product","2":"type-product","3":"status-publish","4":"has-post-thumbnail","6":"product_cat-imprimantes-copieurs","7":"desktop-align-left","8":"tablet-align-left","9":"mobile-align-left","10":"ast-product-gallery-layout-horizontal-slider","11":"ast-magnify-disabled","12":"ast-product-tabs-layout-horizontal","13":"ast-qv-on-image","15":"first","16":"instock","17":"taxable","18":"shipping-taxable","19":"purchasable","20":"product-type-simple"},"jetpack_sharing_enabled":true,"_links":{"self":[{"href":"https:\/\/senreflex.com\/index.php?rest_route=\/wp\/v2\/product\/1380","targetHints":{"allow":["GET"]}}],"collection":[{"href":"https:\/\/senreflex.com\/index.php?rest_route=\/wp\/v2\/product"}],"about":[{"href":"https:\/\/senreflex.com\/index.php?rest_route=\/wp\/v2\/types\/product"}],"replies":[{"embeddable":true,"href":"https:\/\/senreflex.com\/index.php?rest_route=%2Fwp%2Fv2%2Fcomments&post=1380"}],"version-history":[{"count":2,"href":"https:\/\/senreflex.com\/index.php?rest_route=\/wp\/v2\/product\/1380\/revisions"}],"predecessor-version":[{"id":1876,"href":"https:\/\/senreflex.com\/index.php?rest_route=\/wp\/v2\/product\/1380\/revisions\/1876"}],"wp:featuredmedia":[{"embeddable":true,"href":"https:\/\/senreflex.com\/index.php?rest_route=\/wp\/v2\/media\/1835"}],"wp:attachment":[{"href":"https:\/\/senreflex.com\/index.php?rest_route=%2Fwp%2Fv2%2Fmedia&parent=1380"}],"wp:term":[{"taxonomy":"product_cat","embeddable":true,"href":"https:\/\/senreflex.com\/index.php?rest_route=%2Fwp%2Fv2%2Fproduct_cat&post=1380"},{"taxonomy":"product_tag","embeddable":true,"href":"https:\/\/senreflex.com\/index.php?rest_route=%2Fwp%2Fv2%2Fproduct_tag&post=1380"}],"curies":[{"name":"wp","href":"https:\/\/api.w.org\/{rel}","templated":true}]}}