{"id":374,"date":"2024-03-28T04:16:11","date_gmt":"2024-03-28T03:16:11","guid":{"rendered":"https:\/\/senreflex.com\/?post_type=product&#038;p=374"},"modified":"2024-03-28T04:16:11","modified_gmt":"2024-03-28T03:16:11","slug":"toner-hp-117-noir","status":"publish","type":"product","link":"https:\/\/senreflex.com\/?product=toner-hp-117-noir","title":{"rendered":"TONER HP 117 NOIR"},"content":{"rendered":"<p><img fetchpriority=\"high\" decoding=\"async\" class=\"alignnone size-full wp-image-375\" src=\"http:\/\/senreflex.com\/wp-content\/uploads\/2024\/03\/117N.jpg\" alt=\"\" width=\"287\" height=\"176\" srcset=\"https:\/\/senreflex.com\/wp-content\/uploads\/2024\/03\/117N.jpg 287w, https:\/\/senreflex.com\/wp-content\/uploads\/2024\/03\/117N-100x61.jpg 100w\" sizes=\"(max-width: 287px) 100vw, 287px\" \/> <img decoding=\"async\" class=\"alignnone size-medium wp-image-376\" src=\"http:\/\/senreflex.com\/wp-content\/uploads\/2024\/03\/117N1.jpg\" alt=\"\" width=\"225\" height=\"225\" srcset=\"https:\/\/senreflex.com\/wp-content\/uploads\/2024\/03\/117N1.jpg 225w, https:\/\/senreflex.com\/wp-content\/uploads\/2024\/03\/117N1-100x100.jpg 100w, https:\/\/senreflex.com\/wp-content\/uploads\/2024\/03\/117N1-150x150.jpg 150w\" sizes=\"(max-width: 225px) 100vw, 225px\" \/><\/p>\n","protected":false},"excerpt":{"rendered":"<ul>\n<li class=\"a-spacing-mini\"><span class=\"a-list-item\">mprimantes compatibles : HP Color LaserJet 150a \/ 150nw \/ 178nw MFP \/ 179fnw MFP <\/span><\/li>\n<li class=\"a-spacing-mini\"><span class=\"a-list-item\"> Rendement : 1 000 pages (norme ISO\/IEC 19752) <\/span><\/li>\n<li class=\"a-spacing-mini\"><span class=\"a-list-item\"> Toners HP Authentiques : une fiabilit\u00e9 exceptionnelle pour une qualit\u00e9 d&rsquo;impression parfaite, de la premi\u00e8re \u00e0 la derni\u00e8re page <\/span><\/li>\n<li class=\"a-spacing-mini\"><span class=\"a-list-item\"> Mod\u00e8le : W2070A <\/span><\/li>\n<li class=\"a-spacing-mini\"><span class=\"a-list-item\"> Couleur : Noir <\/span><\/li>\n<li class=\"a-spacing-mini\"><span class=\"a-list-item\"> Prot\u00e9gez la plan\u00e8te : Les Toners HP authentiques sont fabriqu\u00e9es \u00e0 partir de mat\u00e9riaux recycl\u00e9s Recyclez vos toners gratuitement avec le programme HP Planet Partners <\/span><\/li>\n<\/ul>\n","protected":false},"featured_media":376,"comment_status":"open","ping_status":"closed","template":"","meta":{"site-sidebar-layout":"default","site-content-layout":"","ast-site-content-layout":"default","site-content-style":"default","site-sidebar-style":"default","ast-global-header-display":"","ast-banner-title-visibility":"","ast-main-header-display":"","ast-hfb-above-header-display":"","ast-hfb-below-header-display":"","ast-hfb-mobile-header-display":"","site-post-title":"","ast-breadcrumbs-content":"","ast-featured-img":"","footer-sml-layout":"","theme-transparent-header-meta":"default","adv-header-id-meta":"","stick-header-meta":"","header-above-stick-meta":"","header-main-stick-meta":"","header-below-stick-meta":"","astra-migrate-meta-layouts":"set","ast-page-background-enabled":"default","ast-page-background-meta":{"desktop":{"background-color":"var(--ast-global-color-4)","background-image":"","background-repeat":"repeat","background-position":"center center","background-size":"auto","background-attachment":"scroll","background-type":"","background-media":"","overlay-type":"","overlay-color":"","overlay-opacity":"","overlay-gradient":""},"tablet":{"background-color":"","background-image":"","background-repeat":"repeat","background-position":"center center","background-size":"auto","background-attachment":"scroll","background-type":"","background-media":"","overlay-type":"","overlay-color":"","overlay-opacity":"","overlay-gradient":""},"mobile":{"background-color":"","background-image":"","background-repeat":"repeat","background-position":"center center","background-size":"auto","background-attachment":"scroll","background-type":"","background-media":"","overlay-type":"","overlay-color":"","overlay-opacity":"","overlay-gradient":""}},"ast-content-background-meta":{"desktop":{"background-color":"var(--ast-global-color-5)","background-image":"","background-repeat":"repeat","background-position":"center center","background-size":"auto","background-attachment":"scroll","background-type":"","background-media":"","overlay-type":"","overlay-color":"","overlay-opacity":"","overlay-gradient":""},"tablet":{"background-color":"var(--ast-global-color-5)","background-image":"","background-repeat":"repeat","background-position":"center center","background-size":"auto","background-attachment":"scroll","background-type":"","background-media":"","overlay-type":"","overlay-color":"","overlay-opacity":"","overlay-gradient":""},"mobile":{"background-color":"var(--ast-global-color-5)","background-image":"","background-repeat":"repeat","background-position":"center center","background-size":"auto","background-attachment":"scroll","background-type":"","background-media":"","overlay-type":"","overlay-color":"","overlay-opacity":"","overlay-gradient":""}}},"product_cat":[24],"product_tag":[],"class_list":{"0":"post-374","1":"product","2":"type-product","3":"status-publish","4":"has-post-thumbnail","6":"product_cat-toner-cartouches","7":"desktop-align-left","8":"tablet-align-left","9":"mobile-align-left","10":"ast-product-gallery-layout-horizontal-slider","11":"ast-magnify-disabled","12":"ast-product-tabs-layout-horizontal","13":"ast-qv-on-image","15":"first","16":"instock","17":"taxable","18":"shipping-taxable","19":"purchasable","20":"product-type-simple"},"jetpack_sharing_enabled":true,"_links":{"self":[{"href":"https:\/\/senreflex.com\/index.php?rest_route=\/wp\/v2\/product\/374","targetHints":{"allow":["GET"]}}],"collection":[{"href":"https:\/\/senreflex.com\/index.php?rest_route=\/wp\/v2\/product"}],"about":[{"href":"https:\/\/senreflex.com\/index.php?rest_route=\/wp\/v2\/types\/product"}],"replies":[{"embeddable":true,"href":"https:\/\/senreflex.com\/index.php?rest_route=%2Fwp%2Fv2%2Fcomments&post=374"}],"version-history":[{"count":1,"href":"https:\/\/senreflex.com\/index.php?rest_route=\/wp\/v2\/product\/374\/revisions"}],"predecessor-version":[{"id":380,"href":"https:\/\/senreflex.com\/index.php?rest_route=\/wp\/v2\/product\/374\/revisions\/380"}],"wp:featuredmedia":[{"embeddable":true,"href":"https:\/\/senreflex.com\/index.php?rest_route=\/wp\/v2\/media\/376"}],"wp:attachment":[{"href":"https:\/\/senreflex.com\/index.php?rest_route=%2Fwp%2Fv2%2Fmedia&parent=374"}],"wp:term":[{"taxonomy":"product_cat","embeddable":true,"href":"https:\/\/senreflex.com\/index.php?rest_route=%2Fwp%2Fv2%2Fproduct_cat&post=374"},{"taxonomy":"product_tag","embeddable":true,"href":"https:\/\/senreflex.com\/index.php?rest_route=%2Fwp%2Fv2%2Fproduct_tag&post=374"}],"curies":[{"name":"wp","href":"https:\/\/api.w.org\/{rel}","templated":true}]}}