{"id":382,"date":"2024-03-28T03:35:56","date_gmt":"2024-03-28T02:35:56","guid":{"rendered":"https:\/\/senreflex.com\/?post_type=product&#038;p=382"},"modified":"2024-03-28T04:22:01","modified_gmt":"2024-03-28T03:22:01","slug":"toner-hp-laserjet-117-cyan","status":"publish","type":"product","link":"https:\/\/senreflex.com\/?product=toner-hp-laserjet-117-cyan","title":{"rendered":"Toner HP Laserjet 117 Cyan"},"content":{"rendered":"<p><img decoding=\"async\" class=\"alignnone size-medium wp-image-383\" src=\"http:\/\/senreflex.com\/wp-content\/uploads\/2024\/03\/toner-117-CYAN-300x77.jpg\" alt=\"\" width=\"300\" height=\"77\" srcset=\"https:\/\/senreflex.com\/wp-content\/uploads\/2024\/03\/toner-117-CYAN-300x77.jpg 300w, https:\/\/senreflex.com\/wp-content\/uploads\/2024\/03\/toner-117-CYAN-100x26.jpg 100w, https:\/\/senreflex.com\/wp-content\/uploads\/2024\/03\/toner-117-CYAN-1024x262.jpg 1024w, https:\/\/senreflex.com\/wp-content\/uploads\/2024\/03\/toner-117-CYAN-768x197.jpg 768w, https:\/\/senreflex.com\/wp-content\/uploads\/2024\/03\/toner-117-CYAN.jpg 1500w\" sizes=\"(max-width: 300px) 100vw, 300px\" \/><\/p>\n","protected":false},"excerpt":{"rendered":"<ul class=\"a-unordered-list a-vertical a-spacing-mini\">\n<li class=\"a-spacing-mini\"><span class=\"a-list-item\"> Imprimantes compatibles : HP Color LaserJet 150a \/ 150nw \/ 178nw MFP \/ 179fnw MFP <\/span><\/li>\n<li class=\"a-spacing-mini\"><span class=\"a-list-item\"> Rendement : 700 pages (norme ISO\/IEC 19798) <\/span><\/li>\n<li class=\"a-spacing-mini\"><span class=\"a-list-item\"> Toners HP Authentiques : une fiabilit\u00e9 exceptionnelle pour une qualit\u00e9 d&rsquo;impression parfaite, de la premi\u00e8re \u00e0 la derni\u00e8re page <\/span><\/li>\n<li class=\"a-spacing-mini\"><span class=\"a-list-item\"> Mod\u00e8le : W2071A <\/span><\/li>\n<li class=\"a-spacing-mini\"><span class=\"a-list-item\"> Couleur : Cyan <\/span><\/li>\n<li class=\"a-spacing-mini\"><span class=\"a-list-item\"> Prot\u00e9gez la plan\u00e8te : Les Toners HP authentiques sont fabriqu\u00e9es \u00e0 partir de mat\u00e9riaux recycl\u00e9s Recyclez vos toners gratuitement avec le programme HP Planet Partners <\/span><\/li>\n<\/ul>\n","protected":false},"featured_media":396,"comment_status":"open","ping_status":"closed","template":"","meta":{"site-sidebar-layout":"default","site-content-layout":"","ast-site-content-layout":"default","site-content-style":"default","site-sidebar-style":"default","ast-global-header-display":"","ast-banner-title-visibility":"","ast-main-header-display":"","ast-hfb-above-header-display":"","ast-hfb-below-header-display":"","ast-hfb-mobile-header-display":"","site-post-title":"","ast-breadcrumbs-content":"","ast-featured-img":"","footer-sml-layout":"","theme-transparent-header-meta":"default","adv-header-id-meta":"","stick-header-meta":"","header-above-stick-meta":"","header-main-stick-meta":"","header-below-stick-meta":"","astra-migrate-meta-layouts":"set","ast-page-background-enabled":"default","ast-page-background-meta":{"desktop":{"background-color":"var(--ast-global-color-4)","background-image":"","background-repeat":"repeat","background-position":"center center","background-size":"auto","background-attachment":"scroll","background-type":"","background-media":"","overlay-type":"","overlay-color":"","overlay-opacity":"","overlay-gradient":""},"tablet":{"background-color":"","background-image":"","background-repeat":"repeat","background-position":"center center","background-size":"auto","background-attachment":"scroll","background-type":"","background-media":"","overlay-type":"","overlay-color":"","overlay-opacity":"","overlay-gradient":""},"mobile":{"background-color":"","background-image":"","background-repeat":"repeat","background-position":"center center","background-size":"auto","background-attachment":"scroll","background-type":"","background-media":"","overlay-type":"","overlay-color":"","overlay-opacity":"","overlay-gradient":""}},"ast-content-background-meta":{"desktop":{"background-color":"var(--ast-global-color-5)","background-image":"","background-repeat":"repeat","background-position":"center center","background-size":"auto","background-attachment":"scroll","background-type":"","background-media":"","overlay-type":"","overlay-color":"","overlay-opacity":"","overlay-gradient":""},"tablet":{"background-color":"var(--ast-global-color-5)","background-image":"","background-repeat":"repeat","background-position":"center center","background-size":"auto","background-attachment":"scroll","background-type":"","background-media":"","overlay-type":"","overlay-color":"","overlay-opacity":"","overlay-gradient":""},"mobile":{"background-color":"var(--ast-global-color-5)","background-image":"","background-repeat":"repeat","background-position":"center center","background-size":"auto","background-attachment":"scroll","background-type":"","background-media":"","overlay-type":"","overlay-color":"","overlay-opacity":"","overlay-gradient":""}}},"product_cat":[24],"product_tag":[],"class_list":{"0":"post-382","1":"product","2":"type-product","3":"status-publish","4":"has-post-thumbnail","6":"product_cat-toner-cartouches","7":"desktop-align-left","8":"tablet-align-left","9":"mobile-align-left","10":"ast-product-gallery-layout-horizontal-slider","11":"ast-magnify-disabled","12":"ast-product-tabs-layout-horizontal","13":"ast-qv-on-image","15":"first","16":"instock","17":"sale","18":"taxable","19":"shipping-taxable","20":"purchasable","21":"product-type-simple"},"jetpack_sharing_enabled":true,"_links":{"self":[{"href":"https:\/\/senreflex.com\/index.php?rest_route=\/wp\/v2\/product\/382","targetHints":{"allow":["GET"]}}],"collection":[{"href":"https:\/\/senreflex.com\/index.php?rest_route=\/wp\/v2\/product"}],"about":[{"href":"https:\/\/senreflex.com\/index.php?rest_route=\/wp\/v2\/types\/product"}],"replies":[{"embeddable":true,"href":"https:\/\/senreflex.com\/index.php?rest_route=%2Fwp%2Fv2%2Fcomments&post=382"}],"version-history":[{"count":2,"href":"https:\/\/senreflex.com\/index.php?rest_route=\/wp\/v2\/product\/382\/revisions"}],"predecessor-version":[{"id":389,"href":"https:\/\/senreflex.com\/index.php?rest_route=\/wp\/v2\/product\/382\/revisions\/389"}],"wp:featuredmedia":[{"embeddable":true,"href":"https:\/\/senreflex.com\/index.php?rest_route=\/wp\/v2\/media\/396"}],"wp:attachment":[{"href":"https:\/\/senreflex.com\/index.php?rest_route=%2Fwp%2Fv2%2Fmedia&parent=382"}],"wp:term":[{"taxonomy":"product_cat","embeddable":true,"href":"https:\/\/senreflex.com\/index.php?rest_route=%2Fwp%2Fv2%2Fproduct_cat&post=382"},{"taxonomy":"product_tag","embeddable":true,"href":"https:\/\/senreflex.com\/index.php?rest_route=%2Fwp%2Fv2%2Fproduct_tag&post=382"}],"curies":[{"name":"wp","href":"https:\/\/api.w.org\/{rel}","templated":true}]}}