{"id":407,"date":"2024-03-28T04:37:38","date_gmt":"2024-03-28T03:37:38","guid":{"rendered":"https:\/\/senreflex.com\/?post_type=product&#038;p=407"},"modified":"2024-03-28T04:37:38","modified_gmt":"2024-03-28T03:37:38","slug":"%f0%9f%94%8d-hp-203a-cyan-laserjet-toner-cartridge-cf540a","status":"publish","type":"product","link":"https:\/\/senreflex.com\/?product=%f0%9f%94%8d-hp-203a-cyan-laserjet-toner-cartridge-cf540a","title":{"rendered":"\ud83d\udd0d HP 203A CYAN LASERJET TONER CARTRIDGE \u2013 CF540A"},"content":{"rendered":"<p><img decoding=\"async\" class=\"alignnone size-medium wp-image-408\" src=\"http:\/\/senreflex.com\/wp-content\/uploads\/2024\/03\/203-CYAN-300x99.jpg\" alt=\"\" width=\"300\" height=\"99\" srcset=\"https:\/\/senreflex.com\/wp-content\/uploads\/2024\/03\/203-CYAN-300x99.jpg 300w, https:\/\/senreflex.com\/wp-content\/uploads\/2024\/03\/203-CYAN-100x33.jpg 100w, https:\/\/senreflex.com\/wp-content\/uploads\/2024\/03\/203-CYAN.jpg 391w\" sizes=\"(max-width: 300px) 100vw, 300px\" \/><\/p>\n","protected":false},"excerpt":{"rendered":"<ul class=\"a-unordered-list a-vertical a-spacing-mini\">\n<li class=\"a-spacing-mini\"><span class=\"a-list-item\"> Imprimantes compatibles : HP Color LaserJet Pro M254dw \/ M254nw \/ M280nw \/ M281fdn \/ M281fdw <\/span><\/li>\n<li class=\"a-spacing-mini\"><span class=\"a-list-item\"> Rendement : 3 200 pages (norme ISO\/IEC 19752) <\/span><\/li>\n<li class=\"a-spacing-mini\"><span class=\"a-list-item\"> Toners HP Authentiques : une fiabilit\u00e9 exceptionnelle pour une qualit\u00e9 d&rsquo;impression parfaite, de la premi\u00e8re \u00e0 la derni\u00e8re page <\/span><\/li>\n<li class=\"a-spacing-mini\"><span class=\"a-list-item\"> Mod\u00e8le : CF540X <\/span><\/li>\n<li class=\"a-spacing-mini\"><span class=\"a-list-item\"> Couleur : Noir <\/span><\/li>\n<li class=\"a-spacing-mini\"><span class=\"a-list-item\"> Prot\u00e9gez la plan\u00e8te : Les Toners HP authentiques sont fabriqu\u00e9es \u00e0 partir de mat\u00e9riaux recycl\u00e9s Recyclez vos toners gratuitement avec le programme HP Planet Partners <\/span><\/li>\n<li class=\"a-spacing-mini\"><span class=\"a-list-item\"> Economisez votre encre : Gr\u00e2ce \u00e0 la technologie JetIntelligence, votre imprimante chauffe moins pour imprimer plus vite et r\u00e9duire la quantit\u00e9 d\u2019encre et d\u2019\u00e9nergie n\u00e9cessaire \u00e0 l\u2019impression <\/span><\/li>\n<\/ul>\n","protected":false},"featured_media":408,"comment_status":"open","ping_status":"closed","template":"","meta":{"site-sidebar-layout":"default","site-content-layout":"","ast-site-content-layout":"default","site-content-style":"default","site-sidebar-style":"default","ast-global-header-display":"","ast-banner-title-visibility":"","ast-main-header-display":"","ast-hfb-above-header-display":"","ast-hfb-below-header-display":"","ast-hfb-mobile-header-display":"","site-post-title":"","ast-breadcrumbs-content":"","ast-featured-img":"","footer-sml-layout":"","theme-transparent-header-meta":"default","adv-header-id-meta":"","stick-header-meta":"","header-above-stick-meta":"","header-main-stick-meta":"","header-below-stick-meta":"","astra-migrate-meta-layouts":"set","ast-page-background-enabled":"default","ast-page-background-meta":{"desktop":{"background-color":"var(--ast-global-color-4)","background-image":"","background-repeat":"repeat","background-position":"center center","background-size":"auto","background-attachment":"scroll","background-type":"","background-media":"","overlay-type":"","overlay-color":"","overlay-opacity":"","overlay-gradient":""},"tablet":{"background-color":"","background-image":"","background-repeat":"repeat","background-position":"center center","background-size":"auto","background-attachment":"scroll","background-type":"","background-media":"","overlay-type":"","overlay-color":"","overlay-opacity":"","overlay-gradient":""},"mobile":{"background-color":"","background-image":"","background-repeat":"repeat","background-position":"center center","background-size":"auto","background-attachment":"scroll","background-type":"","background-media":"","overlay-type":"","overlay-color":"","overlay-opacity":"","overlay-gradient":""}},"ast-content-background-meta":{"desktop":{"background-color":"var(--ast-global-color-5)","background-image":"","background-repeat":"repeat","background-position":"center center","background-size":"auto","background-attachment":"scroll","background-type":"","background-media":"","overlay-type":"","overlay-color":"","overlay-opacity":"","overlay-gradient":""},"tablet":{"background-color":"var(--ast-global-color-5)","background-image":"","background-repeat":"repeat","background-position":"center center","background-size":"auto","background-attachment":"scroll","background-type":"","background-media":"","overlay-type":"","overlay-color":"","overlay-opacity":"","overlay-gradient":""},"mobile":{"background-color":"var(--ast-global-color-5)","background-image":"","background-repeat":"repeat","background-position":"center center","background-size":"auto","background-attachment":"scroll","background-type":"","background-media":"","overlay-type":"","overlay-color":"","overlay-opacity":"","overlay-gradient":""}}},"product_cat":[24],"product_tag":[],"class_list":{"0":"post-407","1":"product","2":"type-product","3":"status-publish","4":"has-post-thumbnail","6":"product_cat-toner-cartouches","7":"desktop-align-left","8":"tablet-align-left","9":"mobile-align-left","10":"ast-product-gallery-layout-horizontal-slider","11":"ast-magnify-disabled","12":"ast-product-tabs-layout-horizontal","13":"ast-qv-on-image","15":"first","16":"instock","17":"sale","18":"taxable","19":"shipping-taxable","20":"purchasable","21":"product-type-simple"},"jetpack_sharing_enabled":true,"_links":{"self":[{"href":"https:\/\/senreflex.com\/index.php?rest_route=\/wp\/v2\/product\/407","targetHints":{"allow":["GET"]}}],"collection":[{"href":"https:\/\/senreflex.com\/index.php?rest_route=\/wp\/v2\/product"}],"about":[{"href":"https:\/\/senreflex.com\/index.php?rest_route=\/wp\/v2\/types\/product"}],"replies":[{"embeddable":true,"href":"https:\/\/senreflex.com\/index.php?rest_route=%2Fwp%2Fv2%2Fcomments&post=407"}],"version-history":[{"count":2,"href":"https:\/\/senreflex.com\/index.php?rest_route=\/wp\/v2\/product\/407\/revisions"}],"predecessor-version":[{"id":410,"href":"https:\/\/senreflex.com\/index.php?rest_route=\/wp\/v2\/product\/407\/revisions\/410"}],"wp:featuredmedia":[{"embeddable":true,"href":"https:\/\/senreflex.com\/index.php?rest_route=\/wp\/v2\/media\/408"}],"wp:attachment":[{"href":"https:\/\/senreflex.com\/index.php?rest_route=%2Fwp%2Fv2%2Fmedia&parent=407"}],"wp:term":[{"taxonomy":"product_cat","embeddable":true,"href":"https:\/\/senreflex.com\/index.php?rest_route=%2Fwp%2Fv2%2Fproduct_cat&post=407"},{"taxonomy":"product_tag","embeddable":true,"href":"https:\/\/senreflex.com\/index.php?rest_route=%2Fwp%2Fv2%2Fproduct_tag&post=407"}],"curies":[{"name":"wp","href":"https:\/\/api.w.org\/{rel}","templated":true}]}}