{"id":443,"date":"2024-03-29T18:07:50","date_gmt":"2024-03-29T17:07:50","guid":{"rendered":"https:\/\/senreflex.com\/?post_type=product&#038;p=443"},"modified":"2024-03-29T18:07:50","modified_gmt":"2024-03-29T17:07:50","slug":"hp-laser-107a","status":"publish","type":"product","link":"https:\/\/senreflex.com\/?product=hp-laser-107a","title":{"rendered":"HP Laser 107a"},"content":{"rendered":"<p><img fetchpriority=\"high\" decoding=\"async\" class=\"alignnone size-medium wp-image-444\" src=\"http:\/\/senreflex.com\/wp-content\/uploads\/2024\/03\/51wzC9uYgL._AC_SL1500_-300x184.jpg\" alt=\"\" width=\"300\" height=\"184\" srcset=\"https:\/\/senreflex.com\/wp-content\/uploads\/2024\/03\/51wzC9uYgL._AC_SL1500_-300x184.jpg 300w, https:\/\/senreflex.com\/wp-content\/uploads\/2024\/03\/51wzC9uYgL._AC_SL1500_-100x61.jpg 100w, https:\/\/senreflex.com\/wp-content\/uploads\/2024\/03\/51wzC9uYgL._AC_SL1500_-1024x627.jpg 1024w, https:\/\/senreflex.com\/wp-content\/uploads\/2024\/03\/51wzC9uYgL._AC_SL1500_-768x470.jpg 768w, https:\/\/senreflex.com\/wp-content\/uploads\/2024\/03\/51wzC9uYgL._AC_SL1500_.jpg 1500w\" sizes=\"(max-width: 300px) 100vw, 300px\" \/> <img decoding=\"async\" class=\"alignnone size-medium wp-image-445\" src=\"http:\/\/senreflex.com\/wp-content\/uploads\/2024\/03\/41zhw2w5wcL._AC_-300x300.jpg\" alt=\"\" width=\"300\" height=\"300\" srcset=\"https:\/\/senreflex.com\/wp-content\/uploads\/2024\/03\/41zhw2w5wcL._AC_-300x300.jpg 300w, https:\/\/senreflex.com\/wp-content\/uploads\/2024\/03\/41zhw2w5wcL._AC_-100x100.jpg 100w, https:\/\/senreflex.com\/wp-content\/uploads\/2024\/03\/41zhw2w5wcL._AC_-150x150.jpg 150w, https:\/\/senreflex.com\/wp-content\/uploads\/2024\/03\/41zhw2w5wcL._AC_.jpg 512w\" sizes=\"(max-width: 300px) 100vw, 300px\" \/><\/p>\n","protected":false},"excerpt":{"rendered":"<div class=\"c-column-module-feature\">\n<h4 class=\"c-column-module-feature__title h4\">La qualit\u00e9 laser sans compromis<\/h4>\n<div class=\"c-column-module-feature__description h5\">\n<p>Cette imprimante laser \u00e9tonnamment compacte offre une qualit\u00e9 exceptionnelle, page apr\u00e8s page.<\/p>\n<\/div>\n<\/div>\n<div class=\"c-column-module-feature\">\n<h4 class=\"c-column-module-feature__title h4\">Texte noir net et pr\u00e9cis<\/h4>\n<div class=\"c-column-module-feature__description h5\">\n<p>Imprimez du texte pr\u00e9cis, des noirs profonds et des graphismes \u00e9clatants.<\/p>\n<\/div>\n<\/div>\n<div class=\"c-column-module-feature\">\n<h4 class=\"c-column-module-feature__title h4\">Le bon prix<\/h4>\n<div class=\"c-column-module-feature__description h5\">\n<p>Vous pouvez compter sur une imprimante laser haute performance \u00e0 un prix abordable.<\/p>\n<\/div>\n<\/div>\n<div class=\"c-column-module-feature\">\n<h4 class=\"c-column-module-feature__title h4\">Une impression rapide<\/h4>\n<div class=\"c-column-module-feature__description h5\">\n<p>B\u00e9n\u00e9ficiez de vitesses d&rsquo;impression allant jusqu&rsquo;\u00e0 20 <span class=\"m-text-nowrap\">ppm. <span class=\"c-footnote-container\"> <sup><span class=\"footnote__number\">2<\/span><\/sup> <\/span><\/span><\/p>\n<\/div>\n<\/div>\n","protected":false},"featured_media":444,"comment_status":"open","ping_status":"closed","template":"","meta":{"site-sidebar-layout":"default","site-content-layout":"","ast-site-content-layout":"default","site-content-style":"default","site-sidebar-style":"default","ast-global-header-display":"","ast-banner-title-visibility":"","ast-main-header-display":"","ast-hfb-above-header-display":"","ast-hfb-below-header-display":"","ast-hfb-mobile-header-display":"","site-post-title":"","ast-breadcrumbs-content":"","ast-featured-img":"","footer-sml-layout":"","theme-transparent-header-meta":"default","adv-header-id-meta":"","stick-header-meta":"","header-above-stick-meta":"","header-main-stick-meta":"","header-below-stick-meta":"","astra-migrate-meta-layouts":"set","ast-page-background-enabled":"default","ast-page-background-meta":{"desktop":{"background-color":"var(--ast-global-color-4)","background-image":"","background-repeat":"repeat","background-position":"center center","background-size":"auto","background-attachment":"scroll","background-type":"","background-media":"","overlay-type":"","overlay-color":"","overlay-opacity":"","overlay-gradient":""},"tablet":{"background-color":"","background-image":"","background-repeat":"repeat","background-position":"center center","background-size":"auto","background-attachment":"scroll","background-type":"","background-media":"","overlay-type":"","overlay-color":"","overlay-opacity":"","overlay-gradient":""},"mobile":{"background-color":"","background-image":"","background-repeat":"repeat","background-position":"center center","background-size":"auto","background-attachment":"scroll","background-type":"","background-media":"","overlay-type":"","overlay-color":"","overlay-opacity":"","overlay-gradient":""}},"ast-content-background-meta":{"desktop":{"background-color":"var(--ast-global-color-5)","background-image":"","background-repeat":"repeat","background-position":"center center","background-size":"auto","background-attachment":"scroll","background-type":"","background-media":"","overlay-type":"","overlay-color":"","overlay-opacity":"","overlay-gradient":""},"tablet":{"background-color":"var(--ast-global-color-5)","background-image":"","background-repeat":"repeat","background-position":"center center","background-size":"auto","background-attachment":"scroll","background-type":"","background-media":"","overlay-type":"","overlay-color":"","overlay-opacity":"","overlay-gradient":""},"mobile":{"background-color":"var(--ast-global-color-5)","background-image":"","background-repeat":"repeat","background-position":"center center","background-size":"auto","background-attachment":"scroll","background-type":"","background-media":"","overlay-type":"","overlay-color":"","overlay-opacity":"","overlay-gradient":""}}},"product_cat":[28],"product_tag":[],"class_list":{"0":"post-443","1":"product","2":"type-product","3":"status-publish","4":"has-post-thumbnail","6":"product_cat-imprimantes-copieurs","7":"desktop-align-left","8":"tablet-align-left","9":"mobile-align-left","10":"ast-product-gallery-layout-horizontal-slider","11":"ast-magnify-disabled","12":"ast-product-tabs-layout-horizontal","13":"ast-qv-on-image","15":"first","16":"instock","17":"sale","18":"taxable","19":"shipping-taxable","20":"purchasable","21":"product-type-simple"},"jetpack_sharing_enabled":true,"_links":{"self":[{"href":"https:\/\/senreflex.com\/index.php?rest_route=\/wp\/v2\/product\/443","targetHints":{"allow":["GET"]}}],"collection":[{"href":"https:\/\/senreflex.com\/index.php?rest_route=\/wp\/v2\/product"}],"about":[{"href":"https:\/\/senreflex.com\/index.php?rest_route=\/wp\/v2\/types\/product"}],"replies":[{"embeddable":true,"href":"https:\/\/senreflex.com\/index.php?rest_route=%2Fwp%2Fv2%2Fcomments&post=443"}],"version-history":[{"count":1,"href":"https:\/\/senreflex.com\/index.php?rest_route=\/wp\/v2\/product\/443\/revisions"}],"predecessor-version":[{"id":446,"href":"https:\/\/senreflex.com\/index.php?rest_route=\/wp\/v2\/product\/443\/revisions\/446"}],"wp:featuredmedia":[{"embeddable":true,"href":"https:\/\/senreflex.com\/index.php?rest_route=\/wp\/v2\/media\/444"}],"wp:attachment":[{"href":"https:\/\/senreflex.com\/index.php?rest_route=%2Fwp%2Fv2%2Fmedia&parent=443"}],"wp:term":[{"taxonomy":"product_cat","embeddable":true,"href":"https:\/\/senreflex.com\/index.php?rest_route=%2Fwp%2Fv2%2Fproduct_cat&post=443"},{"taxonomy":"product_tag","embeddable":true,"href":"https:\/\/senreflex.com\/index.php?rest_route=%2Fwp%2Fv2%2Fproduct_tag&post=443"}],"curies":[{"name":"wp","href":"https:\/\/api.w.org\/{rel}","templated":true}]}}