{"id":482,"date":"2024-04-03T02:41:12","date_gmt":"2024-04-03T00:41:12","guid":{"rendered":"https:\/\/senreflex.com\/?post_type=product&#038;p=482"},"modified":"2024-04-03T02:41:12","modified_gmt":"2024-04-03T00:41:12","slug":"cartouche-canon-pfi-107-mbk","status":"publish","type":"product","link":"https:\/\/senreflex.com\/?product=cartouche-canon-pfi-107-mbk","title":{"rendered":"CARTOUCHE CANON PFI-107 MBK"},"content":{"rendered":"<p><img fetchpriority=\"high\" decoding=\"async\" class=\"alignnone size-medium wp-image-483\" src=\"http:\/\/senreflex.com\/wp-content\/uploads\/2024\/04\/CANON-PFI-107MBK-300x300.jpg\" alt=\"\" width=\"300\" height=\"300\" srcset=\"https:\/\/senreflex.com\/wp-content\/uploads\/2024\/04\/CANON-PFI-107MBK-300x300.jpg 300w, https:\/\/senreflex.com\/wp-content\/uploads\/2024\/04\/CANON-PFI-107MBK-100x100.jpg 100w, https:\/\/senreflex.com\/wp-content\/uploads\/2024\/04\/CANON-PFI-107MBK-1024x1024.jpg 1024w, https:\/\/senreflex.com\/wp-content\/uploads\/2024\/04\/CANON-PFI-107MBK-150x150.jpg 150w, https:\/\/senreflex.com\/wp-content\/uploads\/2024\/04\/CANON-PFI-107MBK-768x768.jpg 768w, https:\/\/senreflex.com\/wp-content\/uploads\/2024\/04\/CANON-PFI-107MBK.jpg 1500w\" sizes=\"(max-width: 300px) 100vw, 300px\" \/> <img decoding=\"async\" class=\"alignnone size-medium wp-image-484\" src=\"http:\/\/senreflex.com\/wp-content\/uploads\/2024\/04\/pfi-107mbk-232x300.jpg\" alt=\"\" width=\"232\" height=\"300\" srcset=\"https:\/\/senreflex.com\/wp-content\/uploads\/2024\/04\/pfi-107mbk-232x300.jpg 232w, https:\/\/senreflex.com\/wp-content\/uploads\/2024\/04\/pfi-107mbk-100x129.jpg 100w, https:\/\/senreflex.com\/wp-content\/uploads\/2024\/04\/pfi-107mbk.jpg 236w\" sizes=\"(max-width: 232px) 100vw, 232px\" \/> <img decoding=\"async\" class=\"alignnone size-medium wp-image-485\" src=\"http:\/\/senreflex.com\/wp-content\/uploads\/2024\/04\/CANON-PFI-107MBK-1-300x300.jpg\" alt=\"\" width=\"300\" height=\"300\" srcset=\"https:\/\/senreflex.com\/wp-content\/uploads\/2024\/04\/CANON-PFI-107MBK-1-300x300.jpg 300w, https:\/\/senreflex.com\/wp-content\/uploads\/2024\/04\/CANON-PFI-107MBK-1-100x100.jpg 100w, https:\/\/senreflex.com\/wp-content\/uploads\/2024\/04\/CANON-PFI-107MBK-1-1024x1024.jpg 1024w, https:\/\/senreflex.com\/wp-content\/uploads\/2024\/04\/CANON-PFI-107MBK-1-150x150.jpg 150w, https:\/\/senreflex.com\/wp-content\/uploads\/2024\/04\/CANON-PFI-107MBK-1-768x768.jpg 768w, https:\/\/senreflex.com\/wp-content\/uploads\/2024\/04\/CANON-PFI-107MBK-1.jpg 1500w\" sizes=\"(max-width: 300px) 100vw, 300px\" \/> <img loading=\"lazy\" decoding=\"async\" class=\"alignnone size-medium wp-image-486\" src=\"http:\/\/senreflex.com\/wp-content\/uploads\/2024\/04\/pfi-107bk-232x300.jpg\" alt=\"\" width=\"232\" height=\"300\" srcset=\"https:\/\/senreflex.com\/wp-content\/uploads\/2024\/04\/pfi-107bk-232x300.jpg 232w, https:\/\/senreflex.com\/wp-content\/uploads\/2024\/04\/pfi-107bk-100x129.jpg 100w, https:\/\/senreflex.com\/wp-content\/uploads\/2024\/04\/pfi-107bk.jpg 236w\" sizes=\"(max-width: 232px) 100vw, 232px\" \/><\/p>\n","protected":false},"excerpt":{"rendered":"<div class=\"pGxpHc\"><\/div>\n<div class=\"QcsUad BDJ8fb BLojaf sMVRZe wneUed\">\n<div class=\"usGWQd\">\n<div class=\"KkbLmb\">\n<div class=\"lRu31\" dir=\"ltr\"><span class=\"HwtZe\" lang=\"fr\"><span class=\"jCAhz ChMk0b\"><span class=\"ryNqvb\">\u00a01 cartouche d&rsquo;encre\u00a0;<\/span><\/span> <span class=\"jCAhz ChMk0b\"><span class=\"ryNqvb\">Capacit\u00e9: 130ML<\/span><\/span> <span class=\"jCAhz ChMk0b\"><span class=\"ryNqvb\">Facile \u00e0 installer, haute capacit\u00e9, fournitures \u00e0 long terme.<\/span><\/span> <span class=\"jCAhz ChMk0b\"><span class=\"ryNqvb\">Condition : Nos cartouches ISO 9001 14001\u00a0;<\/span><\/span> <span class=\"jCAhz ChMk0b\"><span class=\"ryNqvb\">STMC\u00a0;<\/span><\/span> <span class=\"jCAhz ChMk0b\"><span class=\"ryNqvb\">CE\u00a0;<\/span><\/span> <span class=\"jCAhz ChMk0b\"><span class=\"ryNqvb\">Usine certifi\u00e9e ROHS. Les fournitures compatibles LCL fournissent des mati\u00e8res premi\u00e8res de haute qualit\u00e9 pour garantir un effet d&rsquo;impression, et une gestion stricte garantit une qualit\u00e9 stable.<\/span><\/span> <span class=\"jCAhz ChMk0b\"><span class=\"ryNqvb\">\u00c0 utiliser dans les \u00e9l\u00e9ments suivants\u00a0: Image Prograf iPF670 IPF 670 MFP L 24 IPF 670 Series iPF770 IPF 770 L 36 IPF 770 M 40 IPF 770 MFP IPF 770 Series IPF 680 IPF 680 Series IPF 685 IPF 780 IPF 780 M 40 IPF 780 MFP IPF 780<\/span><\/span> <span class=\"jCAhz ChMk0b\"><span class=\"ryNqvb\">S\u00e9rie IPF 785 IPF 785 M 40 IPF 785 MFP<\/span><\/span><\/span><\/div>\n<\/div>\n<\/div>\n<\/div>\n","protected":false},"featured_media":489,"comment_status":"open","ping_status":"closed","template":"","meta":{"site-sidebar-layout":"default","site-content-layout":"","ast-site-content-layout":"default","site-content-style":"default","site-sidebar-style":"default","ast-global-header-display":"","ast-banner-title-visibility":"","ast-main-header-display":"","ast-hfb-above-header-display":"","ast-hfb-below-header-display":"","ast-hfb-mobile-header-display":"","site-post-title":"","ast-breadcrumbs-content":"","ast-featured-img":"","footer-sml-layout":"","theme-transparent-header-meta":"default","adv-header-id-meta":"","stick-header-meta":"","header-above-stick-meta":"","header-main-stick-meta":"","header-below-stick-meta":"","astra-migrate-meta-layouts":"set","ast-page-background-enabled":"default","ast-page-background-meta":{"desktop":{"background-color":"var(--ast-global-color-4)","background-image":"","background-repeat":"repeat","background-position":"center center","background-size":"auto","background-attachment":"scroll","background-type":"","background-media":"","overlay-type":"","overlay-color":"","overlay-opacity":"","overlay-gradient":""},"tablet":{"background-color":"","background-image":"","background-repeat":"repeat","background-position":"center center","background-size":"auto","background-attachment":"scroll","background-type":"","background-media":"","overlay-type":"","overlay-color":"","overlay-opacity":"","overlay-gradient":""},"mobile":{"background-color":"","background-image":"","background-repeat":"repeat","background-position":"center center","background-size":"auto","background-attachment":"scroll","background-type":"","background-media":"","overlay-type":"","overlay-color":"","overlay-opacity":"","overlay-gradient":""}},"ast-content-background-meta":{"desktop":{"background-color":"var(--ast-global-color-5)","background-image":"","background-repeat":"repeat","background-position":"center center","background-size":"auto","background-attachment":"scroll","background-type":"","background-media":"","overlay-type":"","overlay-color":"","overlay-opacity":"","overlay-gradient":""},"tablet":{"background-color":"var(--ast-global-color-5)","background-image":"","background-repeat":"repeat","background-position":"center center","background-size":"auto","background-attachment":"scroll","background-type":"","background-media":"","overlay-type":"","overlay-color":"","overlay-opacity":"","overlay-gradient":""},"mobile":{"background-color":"var(--ast-global-color-5)","background-image":"","background-repeat":"repeat","background-position":"center center","background-size":"auto","background-attachment":"scroll","background-type":"","background-media":"","overlay-type":"","overlay-color":"","overlay-opacity":"","overlay-gradient":""}}},"product_cat":[24],"product_tag":[],"class_list":{"0":"post-482","1":"product","2":"type-product","3":"status-publish","4":"has-post-thumbnail","6":"product_cat-toner-cartouches","7":"desktop-align-left","8":"tablet-align-left","9":"mobile-align-left","10":"ast-product-gallery-layout-horizontal-slider","11":"ast-magnify-disabled","12":"ast-product-tabs-layout-horizontal","13":"ast-qv-on-image","15":"first","16":"instock","17":"sale","18":"taxable","19":"shipping-taxable","20":"purchasable","21":"product-type-simple"},"jetpack_sharing_enabled":true,"_links":{"self":[{"href":"https:\/\/senreflex.com\/index.php?rest_route=\/wp\/v2\/product\/482","targetHints":{"allow":["GET"]}}],"collection":[{"href":"https:\/\/senreflex.com\/index.php?rest_route=\/wp\/v2\/product"}],"about":[{"href":"https:\/\/senreflex.com\/index.php?rest_route=\/wp\/v2\/types\/product"}],"replies":[{"embeddable":true,"href":"https:\/\/senreflex.com\/index.php?rest_route=%2Fwp%2Fv2%2Fcomments&post=482"}],"version-history":[{"count":1,"href":"https:\/\/senreflex.com\/index.php?rest_route=\/wp\/v2\/product\/482\/revisions"}],"predecessor-version":[{"id":493,"href":"https:\/\/senreflex.com\/index.php?rest_route=\/wp\/v2\/product\/482\/revisions\/493"}],"wp:featuredmedia":[{"embeddable":true,"href":"https:\/\/senreflex.com\/index.php?rest_route=\/wp\/v2\/media\/489"}],"wp:attachment":[{"href":"https:\/\/senreflex.com\/index.php?rest_route=%2Fwp%2Fv2%2Fmedia&parent=482"}],"wp:term":[{"taxonomy":"product_cat","embeddable":true,"href":"https:\/\/senreflex.com\/index.php?rest_route=%2Fwp%2Fv2%2Fproduct_cat&post=482"},{"taxonomy":"product_tag","embeddable":true,"href":"https:\/\/senreflex.com\/index.php?rest_route=%2Fwp%2Fv2%2Fproduct_tag&post=482"}],"curies":[{"name":"wp","href":"https:\/\/api.w.org\/{rel}","templated":true}]}}