{"id":683,"date":"2024-04-26T12:59:20","date_gmt":"2024-04-26T10:59:20","guid":{"rendered":"https:\/\/senreflex.com\/?post_type=product&#038;p=683"},"modified":"2024-05-01T01:01:32","modified_gmt":"2024-04-30T23:01:32","slug":"hp-color-laserjet-pro-mfp-m283fdw","status":"publish","type":"product","link":"https:\/\/senreflex.com\/?product=hp-color-laserjet-pro-mfp-m283fdw","title":{"rendered":"HP Color LaserJet Pro MFP M283fdw"},"content":{"rendered":"<p><img fetchpriority=\"high\" decoding=\"async\" class=\"alignnone size-medium wp-image-684\" src=\"http:\/\/senreflex.com\/wp-content\/uploads\/2024\/04\/61qRYtzf8WL._AC_SL1493_-300x258.jpg\" alt=\"\" width=\"300\" height=\"258\" srcset=\"https:\/\/senreflex.com\/wp-content\/uploads\/2024\/04\/61qRYtzf8WL._AC_SL1493_-300x258.jpg 300w, https:\/\/senreflex.com\/wp-content\/uploads\/2024\/04\/61qRYtzf8WL._AC_SL1493_-100x86.jpg 100w, https:\/\/senreflex.com\/wp-content\/uploads\/2024\/04\/61qRYtzf8WL._AC_SL1493_-1024x882.jpg 1024w, https:\/\/senreflex.com\/wp-content\/uploads\/2024\/04\/61qRYtzf8WL._AC_SL1493_-768x662.jpg 768w, https:\/\/senreflex.com\/wp-content\/uploads\/2024\/04\/61qRYtzf8WL._AC_SL1493_.jpg 1493w\" sizes=\"(max-width: 300px) 100vw, 300px\" \/> <img decoding=\"async\" class=\"alignnone size-medium wp-image-685\" src=\"http:\/\/senreflex.com\/wp-content\/uploads\/2024\/04\/71TwrfMT8GL._AC_SL1500_-300x300.jpg\" alt=\"\" width=\"300\" height=\"300\" srcset=\"https:\/\/senreflex.com\/wp-content\/uploads\/2024\/04\/71TwrfMT8GL._AC_SL1500_-300x300.jpg 300w, https:\/\/senreflex.com\/wp-content\/uploads\/2024\/04\/71TwrfMT8GL._AC_SL1500_-100x100.jpg 100w, https:\/\/senreflex.com\/wp-content\/uploads\/2024\/04\/71TwrfMT8GL._AC_SL1500_-1024x1024.jpg 1024w, https:\/\/senreflex.com\/wp-content\/uploads\/2024\/04\/71TwrfMT8GL._AC_SL1500_-150x150.jpg 150w, https:\/\/senreflex.com\/wp-content\/uploads\/2024\/04\/71TwrfMT8GL._AC_SL1500_-768x768.jpg 768w, https:\/\/senreflex.com\/wp-content\/uploads\/2024\/04\/71TwrfMT8GL._AC_SL1500_.jpg 1500w\" sizes=\"(max-width: 300px) 100vw, 300px\" \/> <img decoding=\"async\" class=\"alignnone size-medium wp-image-686\" src=\"http:\/\/senreflex.com\/wp-content\/uploads\/2024\/04\/HP-Color-LaserJet-Pro-MFP-M283fdw-300x267.jpg\" alt=\"\" width=\"300\" height=\"267\" srcset=\"https:\/\/senreflex.com\/wp-content\/uploads\/2024\/04\/HP-Color-LaserJet-Pro-MFP-M283fdw-300x267.jpg 300w, https:\/\/senreflex.com\/wp-content\/uploads\/2024\/04\/HP-Color-LaserJet-Pro-MFP-M283fdw-100x89.jpg 100w, https:\/\/senreflex.com\/wp-content\/uploads\/2024\/04\/HP-Color-LaserJet-Pro-MFP-M283fdw.jpg 500w\" sizes=\"(max-width: 300px) 100vw, 300px\" \/> <img loading=\"lazy\" decoding=\"async\" class=\"alignnone size-medium wp-image-687\" src=\"http:\/\/senreflex.com\/wp-content\/uploads\/2024\/04\/HP-Color-LaserJet-Pro-MFP-M283fdw-Imprimante-multifonctions-couleur-300x300.jpg\" alt=\"\" width=\"300\" height=\"300\" srcset=\"https:\/\/senreflex.com\/wp-content\/uploads\/2024\/04\/HP-Color-LaserJet-Pro-MFP-M283fdw-Imprimante-multifonctions-couleur-300x300.jpg 300w, https:\/\/senreflex.com\/wp-content\/uploads\/2024\/04\/HP-Color-LaserJet-Pro-MFP-M283fdw-Imprimante-multifonctions-couleur-100x100.jpg 100w, https:\/\/senreflex.com\/wp-content\/uploads\/2024\/04\/HP-Color-LaserJet-Pro-MFP-M283fdw-Imprimante-multifonctions-couleur-150x150.jpg 150w, https:\/\/senreflex.com\/wp-content\/uploads\/2024\/04\/HP-Color-LaserJet-Pro-MFP-M283fdw-Imprimante-multifonctions-couleur.jpg 500w\" sizes=\"(max-width: 300px) 100vw, 300px\" \/> <img loading=\"lazy\" decoding=\"async\" class=\"alignnone size-medium wp-image-688\" src=\"http:\/\/senreflex.com\/wp-content\/uploads\/2024\/04\/HP-COL1-300x269.jpg\" alt=\"\" width=\"300\" height=\"269\" srcset=\"https:\/\/senreflex.com\/wp-content\/uploads\/2024\/04\/HP-COL1-300x269.jpg 300w, https:\/\/senreflex.com\/wp-content\/uploads\/2024\/04\/HP-COL1-100x90.jpg 100w, https:\/\/senreflex.com\/wp-content\/uploads\/2024\/04\/HP-COL1.jpg 500w\" sizes=\"(max-width: 300px) 100vw, 300px\" \/> <img loading=\"lazy\" decoding=\"async\" class=\"alignnone size-medium wp-image-689\" src=\"http:\/\/senreflex.com\/wp-content\/uploads\/2024\/04\/HP-Color-LaserJet-Pro-MFP-M283fdw-Imprimantes-300x300.jpg\" alt=\"\" width=\"300\" height=\"300\" srcset=\"https:\/\/senreflex.com\/wp-content\/uploads\/2024\/04\/HP-Color-LaserJet-Pro-MFP-M283fdw-Imprimantes-300x300.jpg 300w, https:\/\/senreflex.com\/wp-content\/uploads\/2024\/04\/HP-Color-LaserJet-Pro-MFP-M283fdw-Imprimantes-100x100.jpg 100w, https:\/\/senreflex.com\/wp-content\/uploads\/2024\/04\/HP-Color-LaserJet-Pro-MFP-M283fdw-Imprimantes-150x150.jpg 150w, https:\/\/senreflex.com\/wp-content\/uploads\/2024\/04\/HP-Color-LaserJet-Pro-MFP-M283fdw-Imprimantes.jpg 500w\" sizes=\"(max-width: 300px) 100vw, 300px\" \/><\/p>\n","protected":false},"excerpt":{"rendered":"<div class=\"f-productProperties__col\">\n<dl class=\"f-productProperties__item\">\n<dt class=\"f-productProperties__term\">Technologie d&rsquo;impression<\/dt>\n<dd class=\"f-productProperties__definition\">Laser<\/dd>\n<\/dl>\n<dl class=\"f-productProperties__item\">\n<dt class=\"f-productProperties__term\">Typologie imprimante<\/dt>\n<dd class=\"f-productProperties__definition\">Imprimante multifonction<\/dd>\n<\/dl>\n<dl class=\"f-productProperties__item\">\n<dt class=\"f-productProperties__term\">Impression<\/dt>\n<dd class=\"f-productProperties__definition\">Couleur<\/dd>\n<\/dl>\n<dl class=\"f-productProperties__item\">\n<dt class=\"f-productProperties__term\">Impression recto\/verso<\/dt>\n<dd class=\"f-productProperties__definition\">Oui Automatique<\/dd>\n<\/dl>\n<dl class=\"f-productProperties__item\">\n<dt class=\"f-productProperties__term\">Vitesse d&rsquo;impression noir<\/dt>\n<dd class=\"f-productProperties__definition\">21 pages\/minute<\/dd>\n<\/dl>\n<dl class=\"f-productProperties__item\">\n<dt class=\"f-productProperties__term\">Vitesse d&rsquo;impression<\/dt>\n<dd class=\"f-productProperties__definition\">Noir : en 10,6\u00a0secondes seulement; Couleur : Vitesse : jusqu&rsquo;\u00e0 12,3 secondes;<\/dd>\n<\/dl>\n<dl class=\"f-productProperties__item\">\n<dt class=\"f-productProperties__term\">Format de papier g\u00e9r\u00e9<\/dt>\n<dd class=\"f-productProperties__definition\">A4<\/dd>\n<\/dl>\n<dl class=\"f-productProperties__item\">\n<dt class=\"f-productProperties__term\">Ecran tactile<\/dt>\n<dd class=\"f-productProperties__definition\">Oui<\/dd>\n<\/dl>\n<dl class=\"f-productProperties__item\">\n<dt class=\"f-productProperties__term\">Caract\u00e9ristiques de l&rsquo;\u00e9cran<\/dt>\n<dd class=\"f-productProperties__definition\">\u00c9cran tactile<\/dd>\n<\/dl>\n<dl class=\"f-productProperties__item\">\n<dt class=\"f-productProperties__term\">Capacit\u00e9 du bac papier<\/dt>\n<dd class=\"f-productProperties__definition\">50<\/dd>\n<\/dl>\n<dl class=\"f-productProperties__item\">\n<dt class=\"f-productProperties__term\">R\u00e9solution optique<\/dt>\n<dd class=\"f-productProperties__definition\">1200 x 1200 ppp<\/dd>\n<\/dl>\n<dl class=\"f-productProperties__item\">\n<dt class=\"f-productProperties__term\">Consommation en fonctionnement<\/dt>\n<dd class=\"f-productProperties__definition\">361 Watts<\/dd>\n<\/dl>\n<dl class=\"f-productProperties__item\">\n<dt class=\"f-productProperties__term\">Consommation en veille<\/dt>\n<dd class=\"f-productProperties__definition\">0,8 Watts<\/dd>\n<\/dl>\n<dl class=\"f-productProperties__item\">\n<dt class=\"f-productProperties__term\">Communication sans fil<\/dt>\n<dd class=\"f-productProperties__definition\">Wi-Fi 802.11 b\/g\/n int\u00e9gr\u00e9<\/dd>\n<\/dl>\n<dl class=\"f-productProperties__item\">\n<dt class=\"f-productProperties__term\">Compatible Cloud &amp; WebPrint<\/dt>\n<dd class=\"f-productProperties__definition\">Oui<\/dd>\n<\/dl>\n<dl class=\"f-productProperties__item\">\n<dt class=\"f-productProperties__term\">Connectique<\/dt>\n<dd class=\"f-productProperties__definition\">1 USB<\/dd>\n<\/dl>\n<dl class=\"f-productProperties__item f-productProperties__item--long \">\n<dt class=\"f-productProperties__term\">Syst\u00e8mes d&rsquo;exploitation compatibles<\/dt>\n<dd class=\"f-productProperties__definition\">macOS 10.14, macOS 10.15, MS Windows 7 (32\/64 bits), Windows 8 (32\/64 bits), Windows 8.1 (32\/64 bits), Windows 10 (32\/64-bits), MS Windows Vista \u00c9dition 32 bits, macOS 10.12, macOS 10.13<\/dd>\n<\/dl>\n<\/div>\n<div class=\"f-productProperties__col\">\n<dl class=\"f-productProperties__item\">\n<dt class=\"f-productProperties__term\">Alimentation<\/dt>\n<dd class=\"f-productProperties__definition\">220 \u00e0 240 V CA (+\/- 10\u00a0%), 50\u00a0Hz (+\/3\u00a0Hz) 60\u00a0Hz (+\/- 3\u00a0Hz)<\/dd>\n<\/dl>\n<dl class=\"f-productProperties__item f-productProperties__item--long \">\n<dt class=\"f-productProperties__term\">Caract\u00e9ristiques compl\u00e9mentaires<\/dt>\n<dd class=\"f-productProperties__definition\">CARACTERISTIQUES :Imprimante multifonction HP Color LaserJet Pro M283fdwR\u00e9f\u00e9rence du produit : 7KW75AFonctions : Impression, copie, scan, faxPerformance d&rsquo;impression : Jusqu&rsquo;\u00e0 21 ppm (en noir et en couleur)Impression de la premi\u00e8re page \u00e0 partir du mode Pr\u00eat, noir : 10.6 secondesCapacit\u00e9 du support : Bac dalimentation de 250 feuilles (2), bac dimpression prioritaire feuille \u00e0 feuille (1), bac de sortie de 100 feuillesPanneau de commande : \u00c9cran tactile couleur de 6,85 cmConnectivit\u00e9 : Connectivit\u00e9 USB, Fast Ethernet int\u00e9gr\u00e9,double bande Wi-FiWi-Fi Direct : OuiNum\u00e9risation ADF : 50 feuillesS\u00e9curit\u00e9 renforc\u00e9e : OuiImpression recto verso : Oui, automatiqueRendement de la cartouche, monochrome\/couleur (en pages):Dans la bo\u00eete : Environ 1350\/700 A : Environ 1350\/1250 X : Environ 3150\/2450<\/dd>\n<\/dl>\n<\/div>\n","protected":false},"featured_media":688,"comment_status":"open","ping_status":"closed","template":"","meta":{"site-sidebar-layout":"default","site-content-layout":"","ast-site-content-layout":"default","site-content-style":"default","site-sidebar-style":"default","ast-global-header-display":"","ast-banner-title-visibility":"","ast-main-header-display":"","ast-hfb-above-header-display":"","ast-hfb-below-header-display":"","ast-hfb-mobile-header-display":"","site-post-title":"","ast-breadcrumbs-content":"","ast-featured-img":"","footer-sml-layout":"","theme-transparent-header-meta":"default","adv-header-id-meta":"","stick-header-meta":"enabled","header-above-stick-meta":"","header-main-stick-meta":"","header-below-stick-meta":"","astra-migrate-meta-layouts":"set","ast-page-background-enabled":"default","ast-page-background-meta":{"desktop":{"background-color":"var(--ast-global-color-4)","background-image":"","background-repeat":"repeat","background-position":"center center","background-size":"auto","background-attachment":"scroll","background-type":"","background-media":"","overlay-type":"","overlay-color":"","overlay-opacity":"","overlay-gradient":""},"tablet":{"background-color":"","background-image":"","background-repeat":"repeat","background-position":"center center","background-size":"auto","background-attachment":"scroll","background-type":"","background-media":"","overlay-type":"","overlay-color":"","overlay-opacity":"","overlay-gradient":""},"mobile":{"background-color":"","background-image":"","background-repeat":"repeat","background-position":"center center","background-size":"auto","background-attachment":"scroll","background-type":"","background-media":"","overlay-type":"","overlay-color":"","overlay-opacity":"","overlay-gradient":""}},"ast-content-background-meta":{"desktop":{"background-color":"var(--ast-global-color-5)","background-image":"","background-repeat":"repeat","background-position":"center center","background-size":"auto","background-attachment":"scroll","background-type":"","background-media":"","overlay-type":"","overlay-color":"","overlay-opacity":"","overlay-gradient":""},"tablet":{"background-color":"var(--ast-global-color-5)","background-image":"","background-repeat":"repeat","background-position":"center center","background-size":"auto","background-attachment":"scroll","background-type":"","background-media":"","overlay-type":"","overlay-color":"","overlay-opacity":"","overlay-gradient":""},"mobile":{"background-color":"var(--ast-global-color-5)","background-image":"","background-repeat":"repeat","background-position":"center center","background-size":"auto","background-attachment":"scroll","background-type":"","background-media":"","overlay-type":"","overlay-color":"","overlay-opacity":"","overlay-gradient":""}}},"product_cat":[28],"product_tag":[],"class_list":{"0":"post-683","1":"product","2":"type-product","3":"status-publish","4":"has-post-thumbnail","6":"product_cat-imprimantes-copieurs","7":"desktop-align-left","8":"tablet-align-left","9":"mobile-align-left","10":"ast-product-gallery-layout-horizontal-slider","11":"ast-magnify-disabled","12":"ast-product-tabs-layout-horizontal","13":"ast-qv-on-image","15":"first","16":"instock","17":"taxable","18":"shipping-taxable","19":"purchasable","20":"product-type-simple"},"jetpack_sharing_enabled":true,"_links":{"self":[{"href":"https:\/\/senreflex.com\/index.php?rest_route=\/wp\/v2\/product\/683","targetHints":{"allow":["GET"]}}],"collection":[{"href":"https:\/\/senreflex.com\/index.php?rest_route=\/wp\/v2\/product"}],"about":[{"href":"https:\/\/senreflex.com\/index.php?rest_route=\/wp\/v2\/types\/product"}],"replies":[{"embeddable":true,"href":"https:\/\/senreflex.com\/index.php?rest_route=%2Fwp%2Fv2%2Fcomments&post=683"}],"version-history":[{"count":1,"href":"https:\/\/senreflex.com\/index.php?rest_route=\/wp\/v2\/product\/683\/revisions"}],"predecessor-version":[{"id":690,"href":"https:\/\/senreflex.com\/index.php?rest_route=\/wp\/v2\/product\/683\/revisions\/690"}],"wp:featuredmedia":[{"embeddable":true,"href":"https:\/\/senreflex.com\/index.php?rest_route=\/wp\/v2\/media\/688"}],"wp:attachment":[{"href":"https:\/\/senreflex.com\/index.php?rest_route=%2Fwp%2Fv2%2Fmedia&parent=683"}],"wp:term":[{"taxonomy":"product_cat","embeddable":true,"href":"https:\/\/senreflex.com\/index.php?rest_route=%2Fwp%2Fv2%2Fproduct_cat&post=683"},{"taxonomy":"product_tag","embeddable":true,"href":"https:\/\/senreflex.com\/index.php?rest_route=%2Fwp%2Fv2%2Fproduct_tag&post=683"}],"curies":[{"name":"wp","href":"https:\/\/api.w.org\/{rel}","templated":true}]}}