{"id":791,"date":"2024-05-18T21:37:06","date_gmt":"2024-05-18T19:37:06","guid":{"rendered":"https:\/\/senreflex.com\/?post_type=product&#038;p=791"},"modified":"2024-05-18T21:48:45","modified_gmt":"2024-05-18T19:48:45","slug":"hp-laserjet-enterprise-m611dn-monochrome","status":"publish","type":"product","link":"https:\/\/senreflex.com\/?product=hp-laserjet-enterprise-m611dn-monochrome","title":{"rendered":"HP LaserJet Enterprise M611dn Monochrome"},"content":{"rendered":"<p><img fetchpriority=\"high\" decoding=\"async\" class=\"alignnone size-full wp-image-771\" src=\"http:\/\/senreflex.com\/wp-content\/uploads\/2024\/05\/Sans-titre-3.jpg\" alt=\"\" width=\"197\" height=\"256\" srcset=\"https:\/\/senreflex.com\/wp-content\/uploads\/2024\/05\/Sans-titre-3.jpg 197w, https:\/\/senreflex.com\/wp-content\/uploads\/2024\/05\/Sans-titre-3-100x130.jpg 100w\" sizes=\"(max-width: 197px) 100vw, 197px\" \/> <img decoding=\"async\" class=\"alignnone size-medium wp-image-792\" src=\"http:\/\/senreflex.com\/wp-content\/uploads\/2024\/05\/147A.jpg\" alt=\"\" width=\"259\" height=\"194\" srcset=\"https:\/\/senreflex.com\/wp-content\/uploads\/2024\/05\/147A.jpg 259w, https:\/\/senreflex.com\/wp-content\/uploads\/2024\/05\/147A-100x75.jpg 100w\" sizes=\"(max-width: 259px) 100vw, 259px\" \/> <img decoding=\"async\" class=\"alignnone size-medium wp-image-796\" src=\"http:\/\/senreflex.com\/wp-content\/uploads\/2024\/05\/611DDN.jpg\" alt=\"\" width=\"262\" height=\"192\" srcset=\"https:\/\/senreflex.com\/wp-content\/uploads\/2024\/05\/611DDN.jpg 262w, https:\/\/senreflex.com\/wp-content\/uploads\/2024\/05\/611DDN-100x73.jpg 100w\" sizes=\"(max-width: 262px) 100vw, 262px\" \/> <img loading=\"lazy\" decoding=\"async\" class=\"alignnone size-medium wp-image-797\" src=\"http:\/\/senreflex.com\/wp-content\/uploads\/2024\/05\/611DN1.jpg\" alt=\"\" width=\"225\" height=\"225\" srcset=\"https:\/\/senreflex.com\/wp-content\/uploads\/2024\/05\/611DN1.jpg 225w, https:\/\/senreflex.com\/wp-content\/uploads\/2024\/05\/611DN1-100x100.jpg 100w, https:\/\/senreflex.com\/wp-content\/uploads\/2024\/05\/611DN1-150x150.jpg 150w\" sizes=\"(max-width: 225px) 100vw, 225px\" \/> <img loading=\"lazy\" decoding=\"async\" class=\"alignnone size-medium wp-image-798\" src=\"http:\/\/senreflex.com\/wp-content\/uploads\/2024\/05\/611DN2.jpg\" alt=\"\" width=\"225\" height=\"225\" srcset=\"https:\/\/senreflex.com\/wp-content\/uploads\/2024\/05\/611DN2.jpg 225w, https:\/\/senreflex.com\/wp-content\/uploads\/2024\/05\/611DN2-100x100.jpg 100w, https:\/\/senreflex.com\/wp-content\/uploads\/2024\/05\/611DN2-150x150.jpg 150w\" sizes=\"(max-width: 225px) 100vw, 225px\" \/> <img loading=\"lazy\" decoding=\"async\" class=\"alignnone size-medium wp-image-799\" src=\"http:\/\/senreflex.com\/wp-content\/uploads\/2024\/05\/611DN3.jpg\" alt=\"\" width=\"234\" height=\"215\" srcset=\"https:\/\/senreflex.com\/wp-content\/uploads\/2024\/05\/611DN3.jpg 234w, https:\/\/senreflex.com\/wp-content\/uploads\/2024\/05\/611DN3-100x92.jpg 100w\" sizes=\"(max-width: 234px) 100vw, 234px\" \/> <img loading=\"lazy\" decoding=\"async\" class=\"alignnone size-full wp-image-800\" src=\"http:\/\/senreflex.com\/wp-content\/uploads\/2024\/05\/hp-laserjet-611DN.jpg\" alt=\"\" width=\"259\" height=\"194\" srcset=\"https:\/\/senreflex.com\/wp-content\/uploads\/2024\/05\/hp-laserjet-611DN.jpg 259w, https:\/\/senreflex.com\/wp-content\/uploads\/2024\/05\/hp-laserjet-611DN-100x75.jpg 100w\" sizes=\"(max-width: 259px) 100vw, 259px\" \/><\/p>\n","protected":false},"excerpt":{"rendered":"<ul>\n<li>Imprimante laser<\/li>\n<li>Vitesse d\u2019impression : 61 ppm<\/li>\n<li>Impression recto-verso : jusqu\u2019\u00e0 50 ppm<\/li>\n<li>Premi\u00e8re impression en moins de 5.1 s en noir et blanc (A4, pr\u00eat)<\/li>\n<li>R\u00e9solution d\u2019impression jusqu\u2019\u00e0 1200 x 1200 dpi<\/li>\n<li>M\u00e9moire 512 Mo<\/li>\n<li>Formats : A4, A5, A6, B5, 10 x 15 cm, cartes postales (JIS simple et double), enveloppes (DL, C5, C6, B5)<\/li>\n<li>Avec 1 port p\u00e9riph\u00e9rique USB 2.0 haut d\u00e9bit<\/li>\n<li>Recto\/verso automatique<\/li>\n<li><strong>Entr\u00e9e standard : Bac universel de 100 feuilles + 1 bac\u00a0d\u2019alimentation de 550 feuilles<\/strong><\/li>\n<li><strong>Sortie standard : Bac de sortie de 250 feuilles<\/strong><\/li>\n<li>\u00c9cran tactile couleur rotatif de 10,9 cm (4.3 pouces)<\/li>\n<li>Interfaces Hi-Speed USB 2.0\u00a0\/ port r\u00e9seau Gigabit\/Fast Ethernet 10\/100\/1000 Base-TX<\/li>\n<li>Fonctionnalit\u00e9 d\u2019impression mobile HP ePrint; Apple AirPrint; Certifi\u00e9 Mopria<\/li>\n<li>Avec 4 cartouches de toner HP LaserJet pr\u00e9install\u00e9es (rendement 5500 pages noires, 3 500 pages cyan, magenta, jaune)<\/li>\n<li>Compatible avec Windows, Mac et Linux<\/li>\n<\/ul>\n","protected":false},"featured_media":798,"comment_status":"open","ping_status":"closed","template":"","meta":{"site-sidebar-layout":"default","site-content-layout":"","ast-site-content-layout":"default","site-content-style":"default","site-sidebar-style":"default","ast-global-header-display":"","ast-banner-title-visibility":"","ast-main-header-display":"","ast-hfb-above-header-display":"","ast-hfb-below-header-display":"","ast-hfb-mobile-header-display":"","site-post-title":"","ast-breadcrumbs-content":"","ast-featured-img":"","footer-sml-layout":"","theme-transparent-header-meta":"default","adv-header-id-meta":"","stick-header-meta":"default","header-above-stick-meta":"","header-main-stick-meta":"","header-below-stick-meta":"","astra-migrate-meta-layouts":"set","ast-page-background-enabled":"default","ast-page-background-meta":{"desktop":{"background-color":"var(--ast-global-color-4)","background-image":"","background-repeat":"repeat","background-position":"center center","background-size":"auto","background-attachment":"scroll","background-type":"","background-media":"","overlay-type":"","overlay-color":"","overlay-opacity":"","overlay-gradient":""},"tablet":{"background-color":"","background-image":"","background-repeat":"repeat","background-position":"center center","background-size":"auto","background-attachment":"scroll","background-type":"","background-media":"","overlay-type":"","overlay-color":"","overlay-opacity":"","overlay-gradient":""},"mobile":{"background-color":"","background-image":"","background-repeat":"repeat","background-position":"center center","background-size":"auto","background-attachment":"scroll","background-type":"","background-media":"","overlay-type":"","overlay-color":"","overlay-opacity":"","overlay-gradient":""}},"ast-content-background-meta":{"desktop":{"background-color":"var(--ast-global-color-5)","background-image":"","background-repeat":"repeat","background-position":"center center","background-size":"auto","background-attachment":"scroll","background-type":"","background-media":"","overlay-type":"","overlay-color":"","overlay-opacity":"","overlay-gradient":""},"tablet":{"background-color":"var(--ast-global-color-5)","background-image":"","background-repeat":"repeat","background-position":"center center","background-size":"auto","background-attachment":"scroll","background-type":"","background-media":"","overlay-type":"","overlay-color":"","overlay-opacity":"","overlay-gradient":""},"mobile":{"background-color":"var(--ast-global-color-5)","background-image":"","background-repeat":"repeat","background-position":"center center","background-size":"auto","background-attachment":"scroll","background-type":"","background-media":"","overlay-type":"","overlay-color":"","overlay-opacity":"","overlay-gradient":""}}},"product_cat":[28],"product_tag":[],"class_list":{"0":"post-791","1":"product","2":"type-product","3":"status-publish","4":"has-post-thumbnail","6":"product_cat-imprimantes-copieurs","7":"desktop-align-left","8":"tablet-align-left","9":"mobile-align-left","10":"ast-product-gallery-layout-horizontal-slider","11":"ast-magnify-disabled","12":"ast-product-tabs-layout-horizontal","13":"ast-qv-on-image","15":"first","16":"instock","17":"taxable","18":"shipping-taxable","19":"purchasable","20":"product-type-simple"},"jetpack_sharing_enabled":true,"_links":{"self":[{"href":"https:\/\/senreflex.com\/index.php?rest_route=\/wp\/v2\/product\/791","targetHints":{"allow":["GET"]}}],"collection":[{"href":"https:\/\/senreflex.com\/index.php?rest_route=\/wp\/v2\/product"}],"about":[{"href":"https:\/\/senreflex.com\/index.php?rest_route=\/wp\/v2\/types\/product"}],"replies":[{"embeddable":true,"href":"https:\/\/senreflex.com\/index.php?rest_route=%2Fwp%2Fv2%2Fcomments&post=791"}],"version-history":[{"count":2,"href":"https:\/\/senreflex.com\/index.php?rest_route=\/wp\/v2\/product\/791\/revisions"}],"predecessor-version":[{"id":802,"href":"https:\/\/senreflex.com\/index.php?rest_route=\/wp\/v2\/product\/791\/revisions\/802"}],"wp:featuredmedia":[{"embeddable":true,"href":"https:\/\/senreflex.com\/index.php?rest_route=\/wp\/v2\/media\/798"}],"wp:attachment":[{"href":"https:\/\/senreflex.com\/index.php?rest_route=%2Fwp%2Fv2%2Fmedia&parent=791"}],"wp:term":[{"taxonomy":"product_cat","embeddable":true,"href":"https:\/\/senreflex.com\/index.php?rest_route=%2Fwp%2Fv2%2Fproduct_cat&post=791"},{"taxonomy":"product_tag","embeddable":true,"href":"https:\/\/senreflex.com\/index.php?rest_route=%2Fwp%2Fv2%2Fproduct_tag&post=791"}],"curies":[{"name":"wp","href":"https:\/\/api.w.org\/{rel}","templated":true}]}}