{"id":975,"date":"2024-08-22T22:41:41","date_gmt":"2024-08-22T20:41:41","guid":{"rendered":"https:\/\/senreflex.com\/?post_type=product&#038;p=975"},"modified":"2024-08-22T22:43:12","modified_gmt":"2024-08-22T20:43:12","slug":"kaspersky-small-office-10-postes","status":"publish","type":"product","link":"https:\/\/senreflex.com\/?product=kaspersky-small-office-10-postes","title":{"rendered":"KASPERSKY SMALL OFFICE 10 POSTES"},"content":{"rendered":"<p><img fetchpriority=\"high\" decoding=\"async\" class=\"alignnone size-medium wp-image-977\" src=\"http:\/\/senreflex.com\/wp-content\/uploads\/2024\/08\/Kis-Small-office-Security-10-300x300.jpg\" alt=\"\" width=\"300\" height=\"300\" srcset=\"https:\/\/senreflex.com\/wp-content\/uploads\/2024\/08\/Kis-Small-office-Security-10-300x300.jpg 300w, https:\/\/senreflex.com\/wp-content\/uploads\/2024\/08\/Kis-Small-office-Security-10-100x100.jpg 100w, https:\/\/senreflex.com\/wp-content\/uploads\/2024\/08\/Kis-Small-office-Security-10-150x150.jpg 150w, https:\/\/senreflex.com\/wp-content\/uploads\/2024\/08\/Kis-Small-office-Security-10.jpg 500w\" sizes=\"(max-width: 300px) 100vw, 300px\" \/> <img decoding=\"async\" class=\"alignnone size-medium wp-image-976\" src=\"http:\/\/senreflex.com\/wp-content\/uploads\/2024\/08\/ANTIVIRUS-SERVEUR-10-POSTES-B-300x300.jpg\" alt=\"\" width=\"300\" height=\"300\" srcset=\"https:\/\/senreflex.com\/wp-content\/uploads\/2024\/08\/ANTIVIRUS-SERVEUR-10-POSTES-B-300x300.jpg 300w, https:\/\/senreflex.com\/wp-content\/uploads\/2024\/08\/ANTIVIRUS-SERVEUR-10-POSTES-B-100x100.jpg 100w, https:\/\/senreflex.com\/wp-content\/uploads\/2024\/08\/ANTIVIRUS-SERVEUR-10-POSTES-B-150x150.jpg 150w, https:\/\/senreflex.com\/wp-content\/uploads\/2024\/08\/ANTIVIRUS-SERVEUR-10-POSTES-B.jpg 568w\" sizes=\"(max-width: 300px) 100vw, 300px\" \/><\/p>\n","protected":false},"excerpt":{"rendered":"<section class=\"card aim -mtm -fs16\">\n<div class=\"row -pas\">\n<article class=\"col8 -pvs\">\n<div class=\"card-b -fh\">\n<div class=\"markup -pam\">\n<ul>\n<li>Type de produit : Antivirus<\/li>\n<li>Marque : Kaspersky<\/li>\n<li>10 Postes + 10 Mobiles + 1 Serveur<\/li>\n<li>S\u00e9curit\u00e9 de haut niveau : prot\u00e8ge votre entreprise des menaces connues et \u00e9mergentes<\/li>\n<li>S\u00e9curit\u00e9 des donn\u00e9es financi\u00e8res : protection de votre activit\u00e9 en ligne et de vos transactions personnelles contre les fraudes financi\u00e8res les plus sophistiqu\u00e9es<\/li>\n<li>Protection Internet \u00a0: \u00a0pour vous prot\u00e9ger des tentatives de d\u00e9tournement de vos donn\u00e9es ou de l\\\u2019ensemble de votre r\u00e9seau<\/li>\n<li>Gestion de la distraction des employ\u00e9s \u00a0: \u00a0pour \u00e9conomiser du temps et de pr\u00e9cieuses ressources<\/li>\n<li>Protection des donn\u00e9es \u00a0: \u00a0contre les risques de vol, perte et corruption<\/li>\n<li>Protection d\\\u2019appareils mobiles \u00a0: \u00a0s\u00e9curisation de vos smartphones et tablettes et des donn\u00e9es qu\\\u2019ils contiennent<\/li>\n<li>Gestion des mots de passe \u00a0: \u00a0enregistrement et protection de tous vos mots de passe sur Internet<\/li>\n<li>Centre de contr\u00f4le convivial \u00a0: \u00a0gestion simplifi\u00e9e de toute votre cyber-s\u00e9curit\u00e9 depuis un \u00e9cran unique<\/li>\n<\/ul>\n<\/div>\n<\/div>\n<\/article>\n<\/div>\n<\/section>\n","protected":false},"featured_media":976,"comment_status":"open","ping_status":"closed","template":"","meta":{"site-sidebar-layout":"default","site-content-layout":"","ast-site-content-layout":"default","site-content-style":"default","site-sidebar-style":"default","ast-global-header-display":"","ast-banner-title-visibility":"","ast-main-header-display":"","ast-hfb-above-header-display":"","ast-hfb-below-header-display":"","ast-hfb-mobile-header-display":"","site-post-title":"","ast-breadcrumbs-content":"","ast-featured-img":"","footer-sml-layout":"","theme-transparent-header-meta":"default","adv-header-id-meta":"","stick-header-meta":"default","header-above-stick-meta":"","header-main-stick-meta":"","header-below-stick-meta":"","astra-migrate-meta-layouts":"set","ast-page-background-enabled":"default","ast-page-background-meta":{"desktop":{"background-color":"var(--ast-global-color-4)","background-image":"","background-repeat":"repeat","background-position":"center center","background-size":"auto","background-attachment":"scroll","background-type":"","background-media":"","overlay-type":"","overlay-color":"","overlay-opacity":"","overlay-gradient":""},"tablet":{"background-color":"","background-image":"","background-repeat":"repeat","background-position":"center center","background-size":"auto","background-attachment":"scroll","background-type":"","background-media":"","overlay-type":"","overlay-color":"","overlay-opacity":"","overlay-gradient":""},"mobile":{"background-color":"","background-image":"","background-repeat":"repeat","background-position":"center center","background-size":"auto","background-attachment":"scroll","background-type":"","background-media":"","overlay-type":"","overlay-color":"","overlay-opacity":"","overlay-gradient":""}},"ast-content-background-meta":{"desktop":{"background-color":"var(--ast-global-color-5)","background-image":"","background-repeat":"repeat","background-position":"center center","background-size":"auto","background-attachment":"scroll","background-type":"","background-media":"","overlay-type":"","overlay-color":"","overlay-opacity":"","overlay-gradient":""},"tablet":{"background-color":"var(--ast-global-color-5)","background-image":"","background-repeat":"repeat","background-position":"center center","background-size":"auto","background-attachment":"scroll","background-type":"","background-media":"","overlay-type":"","overlay-color":"","overlay-opacity":"","overlay-gradient":""},"mobile":{"background-color":"var(--ast-global-color-5)","background-image":"","background-repeat":"repeat","background-position":"center center","background-size":"auto","background-attachment":"scroll","background-type":"","background-media":"","overlay-type":"","overlay-color":"","overlay-opacity":"","overlay-gradient":""}}},"product_cat":[30],"product_tag":[],"class_list":{"0":"post-975","1":"product","2":"type-product","3":"status-publish","4":"has-post-thumbnail","6":"product_cat-logiciels","7":"desktop-align-left","8":"tablet-align-left","9":"mobile-align-left","10":"ast-product-gallery-layout-horizontal-slider","11":"ast-magnify-disabled","12":"ast-product-tabs-layout-horizontal","13":"ast-qv-on-image","15":"first","16":"instock","17":"taxable","18":"shipping-taxable","19":"purchasable","20":"product-type-simple"},"jetpack_sharing_enabled":true,"_links":{"self":[{"href":"https:\/\/senreflex.com\/index.php?rest_route=\/wp\/v2\/product\/975","targetHints":{"allow":["GET"]}}],"collection":[{"href":"https:\/\/senreflex.com\/index.php?rest_route=\/wp\/v2\/product"}],"about":[{"href":"https:\/\/senreflex.com\/index.php?rest_route=\/wp\/v2\/types\/product"}],"replies":[{"embeddable":true,"href":"https:\/\/senreflex.com\/index.php?rest_route=%2Fwp%2Fv2%2Fcomments&post=975"}],"version-history":[{"count":2,"href":"https:\/\/senreflex.com\/index.php?rest_route=\/wp\/v2\/product\/975\/revisions"}],"predecessor-version":[{"id":984,"href":"https:\/\/senreflex.com\/index.php?rest_route=\/wp\/v2\/product\/975\/revisions\/984"}],"wp:featuredmedia":[{"embeddable":true,"href":"https:\/\/senreflex.com\/index.php?rest_route=\/wp\/v2\/media\/976"}],"wp:attachment":[{"href":"https:\/\/senreflex.com\/index.php?rest_route=%2Fwp%2Fv2%2Fmedia&parent=975"}],"wp:term":[{"taxonomy":"product_cat","embeddable":true,"href":"https:\/\/senreflex.com\/index.php?rest_route=%2Fwp%2Fv2%2Fproduct_cat&post=975"},{"taxonomy":"product_tag","embeddable":true,"href":"https:\/\/senreflex.com\/index.php?rest_route=%2Fwp%2Fv2%2Fproduct_tag&post=975"}],"curies":[{"name":"wp","href":"https:\/\/api.w.org\/{rel}","templated":true}]}}