{"id":985,"date":"2024-08-22T22:55:47","date_gmt":"2024-08-22T20:55:47","guid":{"rendered":"https:\/\/senreflex.com\/?post_type=product&#038;p=985"},"modified":"2025-05-07T19:43:05","modified_gmt":"2025-05-07T17:43:05","slug":"kaspersky-antivirus-04-postes","status":"publish","type":"product","link":"https:\/\/senreflex.com\/?product=kaspersky-antivirus-04-postes","title":{"rendered":"KASPERSKY ANTIVIRUS 04 POSTES"},"content":{"rendered":"<p><img fetchpriority=\"high\" decoding=\"async\" class=\"alignnone size-medium wp-image-986\" src=\"http:\/\/senreflex.com\/wp-content\/uploads\/2024\/08\/kaspersky-anti-virus-4-pc-300x300.jpg\" alt=\"\" width=\"300\" height=\"300\" srcset=\"https:\/\/senreflex.com\/wp-content\/uploads\/2024\/08\/kaspersky-anti-virus-4-pc-300x300.jpg 300w, https:\/\/senreflex.com\/wp-content\/uploads\/2024\/08\/kaspersky-anti-virus-4-pc-100x100.jpg 100w, https:\/\/senreflex.com\/wp-content\/uploads\/2024\/08\/kaspersky-anti-virus-4-pc-150x150.jpg 150w, https:\/\/senreflex.com\/wp-content\/uploads\/2024\/08\/kaspersky-anti-virus-4-pc.jpg 700w\" sizes=\"(max-width: 300px) 100vw, 300px\" \/><\/p>\n","protected":false},"excerpt":{"rendered":"<ul>\n<li class=\"ListItem_item__k_IrY\" role=\"region\">\n<div class=\"DetailAndMedia_feature__Yb05a\">\n<h3>Anti-Virus<\/h3>\n<p>L&rsquo;antivirus en temps r\u00e9el vous prot\u00e8ge contre les menaces courantes comme les vers et les chevaux de Troie. Il vous prot\u00e8ge \u00e9galement contre les menaces sophistiqu\u00e9es comme les botnets et les serveurs non autoris\u00e9s.<\/p>\n<h3>Protection contre les programmes malveillants<\/h3>\n<p>Une protection avanc\u00e9e contre les programmes malveillants bloque les dangers tels que les enregistreurs de frappe, les adwares, le phishing cibl\u00e9, les rootkits et les attaques dites de l&rsquo;homme du milieu.<\/p>\n<\/div>\n<\/li>\n<\/ul>\n<div class=\"DetailAndMedia_feature__Yb05a\">\n<h3>.\u00a0\u00a0\u00a0\u00a0 Protection contre le piratage<\/h3>\n<p>Les commandes de protection contre les ransomwares et de s\u00e9curit\u00e9 des r\u00e9seaux emp\u00eachent les pirates d&rsquo;infiltrer votre r\u00e9seau domestique et de voler vos donn\u00e9es.<\/p>\n<\/div>\n","protected":false},"featured_media":981,"comment_status":"open","ping_status":"closed","template":"","meta":{"site-sidebar-layout":"default","site-content-layout":"","ast-site-content-layout":"default","site-content-style":"default","site-sidebar-style":"default","ast-global-header-display":"","ast-banner-title-visibility":"","ast-main-header-display":"","ast-hfb-above-header-display":"","ast-hfb-below-header-display":"","ast-hfb-mobile-header-display":"","site-post-title":"","ast-breadcrumbs-content":"","ast-featured-img":"","footer-sml-layout":"","theme-transparent-header-meta":"default","adv-header-id-meta":"","stick-header-meta":"default","header-above-stick-meta":"","header-main-stick-meta":"","header-below-stick-meta":"","astra-migrate-meta-layouts":"set","ast-page-background-enabled":"default","ast-page-background-meta":{"desktop":{"background-color":"var(--ast-global-color-4)","background-image":"","background-repeat":"repeat","background-position":"center center","background-size":"auto","background-attachment":"scroll","background-type":"","background-media":"","overlay-type":"","overlay-color":"","overlay-opacity":"","overlay-gradient":""},"tablet":{"background-color":"","background-image":"","background-repeat":"repeat","background-position":"center center","background-size":"auto","background-attachment":"scroll","background-type":"","background-media":"","overlay-type":"","overlay-color":"","overlay-opacity":"","overlay-gradient":""},"mobile":{"background-color":"","background-image":"","background-repeat":"repeat","background-position":"center center","background-size":"auto","background-attachment":"scroll","background-type":"","background-media":"","overlay-type":"","overlay-color":"","overlay-opacity":"","overlay-gradient":""}},"ast-content-background-meta":{"desktop":{"background-color":"var(--ast-global-color-5)","background-image":"","background-repeat":"repeat","background-position":"center center","background-size":"auto","background-attachment":"scroll","background-type":"","background-media":"","overlay-type":"","overlay-color":"","overlay-opacity":"","overlay-gradient":""},"tablet":{"background-color":"var(--ast-global-color-5)","background-image":"","background-repeat":"repeat","background-position":"center center","background-size":"auto","background-attachment":"scroll","background-type":"","background-media":"","overlay-type":"","overlay-color":"","overlay-opacity":"","overlay-gradient":""},"mobile":{"background-color":"var(--ast-global-color-5)","background-image":"","background-repeat":"repeat","background-position":"center center","background-size":"auto","background-attachment":"scroll","background-type":"","background-media":"","overlay-type":"","overlay-color":"","overlay-opacity":"","overlay-gradient":""}}},"product_cat":[30],"product_tag":[],"class_list":{"0":"post-985","1":"product","2":"type-product","3":"status-publish","4":"has-post-thumbnail","6":"product_cat-logiciels","7":"desktop-align-left","8":"tablet-align-left","9":"mobile-align-left","10":"ast-product-gallery-layout-horizontal-slider","11":"ast-magnify-disabled","12":"ast-product-tabs-layout-horizontal","13":"ast-qv-on-image","15":"first","16":"instock","17":"taxable","18":"shipping-taxable","19":"purchasable","20":"product-type-simple"},"jetpack_sharing_enabled":true,"_links":{"self":[{"href":"https:\/\/senreflex.com\/index.php?rest_route=\/wp\/v2\/product\/985","targetHints":{"allow":["GET"]}}],"collection":[{"href":"https:\/\/senreflex.com\/index.php?rest_route=\/wp\/v2\/product"}],"about":[{"href":"https:\/\/senreflex.com\/index.php?rest_route=\/wp\/v2\/types\/product"}],"replies":[{"embeddable":true,"href":"https:\/\/senreflex.com\/index.php?rest_route=%2Fwp%2Fv2%2Fcomments&post=985"}],"version-history":[{"count":3,"href":"https:\/\/senreflex.com\/index.php?rest_route=\/wp\/v2\/product\/985\/revisions"}],"predecessor-version":[{"id":989,"href":"https:\/\/senreflex.com\/index.php?rest_route=\/wp\/v2\/product\/985\/revisions\/989"}],"wp:featuredmedia":[{"embeddable":true,"href":"https:\/\/senreflex.com\/index.php?rest_route=\/wp\/v2\/media\/981"}],"wp:attachment":[{"href":"https:\/\/senreflex.com\/index.php?rest_route=%2Fwp%2Fv2%2Fmedia&parent=985"}],"wp:term":[{"taxonomy":"product_cat","embeddable":true,"href":"https:\/\/senreflex.com\/index.php?rest_route=%2Fwp%2Fv2%2Fproduct_cat&post=985"},{"taxonomy":"product_tag","embeddable":true,"href":"https:\/\/senreflex.com\/index.php?rest_route=%2Fwp%2Fv2%2Fproduct_tag&post=985"}],"curies":[{"name":"wp","href":"https:\/\/api.w.org\/{rel}","templated":true}]}}